{"id":1930,"date":"2019-02-27T11:21:33","date_gmt":"2019-02-27T11:30:04","guid":{"rendered":"https:\/\/www.genorama.com\/?post_type=product&#038;p=1930"},"modified":"2025-02-17T18:14:31","modified_gmt":"2025-02-17T16:14:31","slug":"gutwell","status":"publish","type":"product","link":"https:\/\/dev.genorama.com\/et\/product\/gutwell\/","title":{"rendered":"GutWell<sup>\u00ae<\/sup> mikrobioomi test"},"content":{"rendered":"<h3 style=\"text-align: center;\">GutWell<sup>\u00ae<\/sup> on mikrobioomi test, mis on loodud selleks, et anda isikustatud \u00fclevaade teie soolestikus elavatest bakteritest ja nende m\u00f5just teie \u00fcldisele heaolule.<\/h3>\n<p style=\"text-align: center;\"><strong>2024. aastal sai GutWell<sup>\u00ae<\/sup> suure uuenduse, mis muudab selle k\u00f5ige t\u00e4psemaks ja t\u00e4iustatud soolestiku mikrobioomi testiks. Toetudes viimastele ja k\u00f5ige ajakohasematele teaduslikele avastustele, on see ainus test turul, mis annab nii \u00fcksikasjaliku \u00fclevaate teie soolestiku bakteritest ja nende kriitilisest rollist teie tervisele ja heaolule.<\/strong><\/p>\n<h3 style=\"text-align: center;\">Miks testida oma soolestiku mikrobioomi?<\/h3>\n<p style=\"text-align: center;\">Teie soolestikus elab triljoneid mikroorganisme, mis on sama arvukad kui teie enda inimrakud. See kogukond, mida nimetatakse soolestiku mikrobioomiks, m\u00e4ngib olulist rolli j\u00e4rgnevalt:<\/p>\n<p style=\"text-align: center;\"><img decoding=\"async\" class=\"wp-image-5774 aligncenter\" src=\"https:\/\/genorama.com\/wp-content\/uploads\/2019\/02\/Genorama-testikirjelduste-ikoonid.png\" alt=\"\" width=\"48\" height=\"48\" srcset=\"https:\/\/dev.genorama.com\/wp-content\/uploads\/2019\/02\/Genorama-testikirjelduste-ikoonid.png 150w, https:\/\/dev.genorama.com\/wp-content\/uploads\/2019\/02\/Genorama-testikirjelduste-ikoonid-100x100.png 100w\" sizes=\"(max-width: 48px) 100vw, 48px\" \/><\/p>\n<p style=\"text-align: center;\"><strong>\u00dcldise tervisliku seisundi s\u00e4ilitamine<\/strong><\/p>\n<p style=\"text-align: center;\"><img decoding=\"async\" class=\"wp-image-5781 aligncenter\" src=\"https:\/\/genorama.com\/wp-content\/uploads\/2019\/02\/Genorama-testikirjelduste-ikoonid-1.png\" alt=\"\" width=\"43\" height=\"43\" srcset=\"https:\/\/dev.genorama.com\/wp-content\/uploads\/2019\/02\/Genorama-testikirjelduste-ikoonid-1.png 150w, https:\/\/dev.genorama.com\/wp-content\/uploads\/2019\/02\/Genorama-testikirjelduste-ikoonid-1-100x100.png 100w\" sizes=\"(max-width: 43px) 100vw, 43px\" \/><\/p>\n<p style=\"text-align: center;\"><strong>Seedimise reguleerimine<\/strong><\/p>\n<p style=\"text-align: center;\"><img decoding=\"async\" class=\"wp-image-5788 aligncenter\" src=\"https:\/\/genorama.com\/wp-content\/uploads\/2019\/02\/Genorama-testikirjelduste-ikoonid-2.png\" alt=\"\" width=\"42\" height=\"42\" srcset=\"https:\/\/dev.genorama.com\/wp-content\/uploads\/2019\/02\/Genorama-testikirjelduste-ikoonid-2.png 150w, https:\/\/dev.genorama.com\/wp-content\/uploads\/2019\/02\/Genorama-testikirjelduste-ikoonid-2-100x100.png 100w\" sizes=\"(max-width: 42px) 100vw, 42px\" \/><\/p>\n<p style=\"text-align: center;\"><strong>Immuuns\u00fcsteemi funktsiooni toetamine<\/strong><\/p>\n<p style=\"text-align: center;\"><img loading=\"lazy\" decoding=\"async\" class=\"wp-image-5795 aligncenter\" src=\"https:\/\/genorama.com\/wp-content\/uploads\/2019\/02\/Genorama-testikirjelduste-ikoonid-3.png\" alt=\"\" width=\"59\" height=\"59\" srcset=\"https:\/\/dev.genorama.com\/wp-content\/uploads\/2019\/02\/Genorama-testikirjelduste-ikoonid-3.png 150w, https:\/\/dev.genorama.com\/wp-content\/uploads\/2019\/02\/Genorama-testikirjelduste-ikoonid-3-100x100.png 100w\" sizes=\"(max-width: 59px) 100vw, 59px\" \/><\/p>\n<p style=\"text-align: center;\"><strong>Tervisliku kehakaalu saavutamine<\/strong><\/p>\n<p style=\"text-align: center;\">Soolebakterite tasakaaluh\u00e4ired v\u00f5ivad p\u00f5hjustada selliseid terviseprobleeme nagu <strong>rasvumine, seedeh\u00e4ired ja II t\u00fc\u00fcpi diabeet<\/strong>. GutWell <strong>aitab teil m\u00f5ista oma mikrobioomi<\/strong> ja <strong>juhendab teid tervislikuma<\/strong> ja<strong> tasakaalustatuma soolestiku<\/strong> jaoks sobiva dieedi koostamisel.<\/p>\n<hr \/>\n<h3 style=\"text-align: center;\">Mida saate GutWell<sup>\u00ae<\/sup> abil teada<\/h3>\n<p style=\"text-align: center;\">Millised bakterid elavad teie soolestikus?<br \/>\nKuidas teie soolestiku bakterid m\u00f5jutavad teie keha ja tervist.<br \/>\nKas teil on piisavalt kasulikke baktereid?<br \/>\nKas leidub kahjulikke baktereid?<br \/>\nKas teie soolestiku mikrobioom soodustab kaalut\u00f5usu v\u00f5i rasvumist?<br \/>\nKas teie toitumine on koosk\u00f5las teie mikrobioomiga v\u00f5i on vaja teha muudatusi?<br \/>\nKuidas saavutada tasakaalustatud mikrobioom parima tervise saavutamiseks.<\/p>\n<hr \/>\n<h3 style=\"text-align: center;\">Soovitatav testimise kava<\/h3>\n<p style=\"text-align: center;\">Parimate tulemuste saamiseks soovitame teha v\u00e4hemalt kaks testi:<\/p>\n<ol style=\"text-align: center;\">\n<li><strong>Esimene test<\/strong> &#8211; m\u00e4\u00e4rake oma mikrobioomi p\u00f5hiprofiil.<\/li>\n<li><strong>Teine test<\/strong> &#8211; hindab muutusi p\u00e4rast toitumise ja elustiili kohandamist (2-4 kuud hiljem, kuid mitte rohkem kui 6 kuu jooksul).<\/li>\n<\/ol>\n<hr \/>\n<h4 style=\"text-align: center;\">Lihtne kodus tehtav test<\/h4>\n<p style=\"text-align: center;\"><img loading=\"lazy\" decoding=\"async\" class=\"wp-image-5357 aligncenter\" src=\"https:\/\/genorama.com\/wp-content\/uploads\/2017\/04\/Nimetu-kujundus-33.png\" alt=\"\" width=\"57\" height=\"57\" srcset=\"https:\/\/dev.genorama.com\/wp-content\/uploads\/2017\/04\/Nimetu-kujundus-33.png 150w, https:\/\/dev.genorama.com\/wp-content\/uploads\/2017\/04\/Nimetu-kujundus-33-100x100.png 100w\" sizes=\"(max-width: 57px) 100vw, 57px\" \/><\/p>\n<p style=\"text-align: center;\">Testimine on lihtne ja mugav. V\u00f5tke v\u00e4ljaheiteproov mugavalt kodus ja saatke see meie laborisse anal\u00fc\u00fcsimiseks.<\/p>\n<p style=\"text-align: center;\"><strong>Valmimisaeg:<\/strong> 15-20 t\u00f6\u00f6p\u00e4eva.<\/p>\n<hr \/>\n<h4 style=\"text-align: center;\">Miks valida GutWell<sup>\u00ae<\/sup>?<\/h4>\n<p style=\"text-align: center;\">Personaalne \u00fclevaade soolestiku tervisest.<br \/>\nEkspertide juhised toitumise ja elustiili parandamiseks.<br \/>\nEnnetav l\u00e4henemisviis haiguste ja terviseprobleemide v\u00e4ltimiseks.<\/p>\n<p>&nbsp;<\/p>\n","protected":false},"excerpt":{"rendered":"<p>Soolestiku mikrobioomi anal\u00fc\u00fcs v\u00f5imaldab kujundada teadlikku toitumist ning aidata ennetada haigusi ja terviseprobleeme.\u00a0GutWell<sup>\u00ae<\/sup> test annab informatsiooni teie soolestiku bakterite arvukuse kohta ning juhised, kuidas saavutada tasakaalustatud bakterite kooslus.<\/p>\n<p>GutWell<sup>\u00ae<\/sup> testi tegemine on soovitav k\u00f5igile, kes soovivad kaalust alla v\u00f5tta, j\u00e4rgivad kindlat dieeti v\u00f5i on h\u00e4das seedimisprobleemidega. Samuti neile, kes soovivad teada, kas nad toituvad tervislikult ja mitmekesiselt.<\/p>\n","protected":false},"featured_media":5091,"template":"","meta":{"_acf_changed":false,"ocean_post_layout":"","ocean_both_sidebars_style":"","ocean_both_sidebars_content_width":0,"ocean_both_sidebars_sidebars_width":0,"ocean_sidebar":"0","ocean_second_sidebar":"0","ocean_disable_margins":"enable","ocean_add_body_class":"","ocean_shortcode_before_top_bar":"","ocean_shortcode_after_top_bar":"","ocean_shortcode_before_header":"","ocean_shortcode_after_header":"","ocean_has_shortcode":"","ocean_shortcode_after_title":"","ocean_shortcode_before_footer_widgets":"","ocean_shortcode_after_footer_widgets":"","ocean_shortcode_before_footer_bottom":"","ocean_shortcode_after_footer_bottom":"","ocean_display_top_bar":"default","ocean_display_header":"default","ocean_header_style":"","ocean_center_header_left_menu":"0","ocean_custom_header_template":"0","ocean_custom_logo":0,"ocean_custom_retina_logo":0,"ocean_custom_logo_max_width":0,"ocean_custom_logo_tablet_max_width":0,"ocean_custom_logo_mobile_max_width":0,"ocean_custom_logo_max_height":0,"ocean_custom_logo_tablet_max_height":0,"ocean_custom_logo_mobile_max_height":0,"ocean_header_custom_menu":"0","ocean_menu_typo_font_family":"0","ocean_menu_typo_font_subset":"","ocean_menu_typo_font_size":0,"ocean_menu_typo_font_size_tablet":0,"ocean_menu_typo_font_size_mobile":0,"ocean_menu_typo_font_size_unit":"px","ocean_menu_typo_font_weight":"","ocean_menu_typo_font_weight_tablet":"","ocean_menu_typo_font_weight_mobile":"","ocean_menu_typo_transform":"","ocean_menu_typo_transform_tablet":"","ocean_menu_typo_transform_mobile":"","ocean_menu_typo_line_height":0,"ocean_menu_typo_line_height_tablet":0,"ocean_menu_typo_line_height_mobile":0,"ocean_menu_typo_line_height_unit":"","ocean_menu_typo_spacing":0,"ocean_menu_typo_spacing_tablet":0,"ocean_menu_typo_spacing_mobile":0,"ocean_menu_typo_spacing_unit":"","ocean_menu_link_color":"","ocean_menu_link_color_hover":"","ocean_menu_link_color_active":"","ocean_menu_link_background":"","ocean_menu_link_hover_background":"","ocean_menu_link_active_background":"","ocean_menu_social_links_bg":"","ocean_menu_social_hover_links_bg":"","ocean_menu_social_links_color":"","ocean_menu_social_hover_links_color":"","ocean_disable_title":"default","ocean_disable_heading":"default","ocean_post_title":"","ocean_post_subheading":"","ocean_post_title_style":"","ocean_post_title_background_color":"","ocean_post_title_background":0,"ocean_post_title_bg_image_position":"","ocean_post_title_bg_image_attachment":"","ocean_post_title_bg_image_repeat":"","ocean_post_title_bg_image_size":"","ocean_post_title_height":0,"ocean_post_title_bg_overlay":0.5,"ocean_post_title_bg_overlay_color":"","ocean_disable_breadcrumbs":"default","ocean_breadcrumbs_color":"","ocean_breadcrumbs_separator_color":"","ocean_breadcrumbs_links_color":"","ocean_breadcrumbs_links_hover_color":"","ocean_display_footer_widgets":"default","ocean_display_footer_bottom":"default","ocean_custom_footer_template":"0"},"product_brand":[],"product_cat":[41],"product_tag":[196,198,193],"class_list":{"0":"post-1930","1":"product","2":"type-product","3":"status-publish","4":"has-post-thumbnail","6":"product_cat-nutrition-et","7":"product_tag-mikrobioom","8":"product_tag-mikrobioota","9":"product_tag-soolestiku-mikrobioom","11":"entry","12":"has-media","14":"first","15":"instock","16":"sale","17":"sold-individually","18":"taxable","19":"shipping-taxable","20":"purchasable","21":"product-type-variable","22":"has-default-attributes","23":"has-product-nav","24":"col","25":"span_1_of_3","26":"owp-content-center","27":"owp-thumbs-layout-horizontal","28":"owp-btn-normal","29":"owp-tabs-layout-horizontal"},"acf":[],"aioseo_notices":[],"_links":{"self":[{"href":"https:\/\/dev.genorama.com\/et\/wp-json\/wp\/v2\/product\/1930","targetHints":{"allow":["GET"]}}],"collection":[{"href":"https:\/\/dev.genorama.com\/et\/wp-json\/wp\/v2\/product"}],"about":[{"href":"https:\/\/dev.genorama.com\/et\/wp-json\/wp\/v2\/types\/product"}],"wp:featuredmedia":[{"embeddable":true,"href":"https:\/\/dev.genorama.com\/et\/wp-json\/wp\/v2\/media\/5091"}],"wp:attachment":[{"href":"https:\/\/dev.genorama.com\/et\/wp-json\/wp\/v2\/media?parent=1930"}],"wp:term":[{"taxonomy":"product_brand","embeddable":true,"href":"https:\/\/dev.genorama.com\/et\/wp-json\/wp\/v2\/product_brand?post=1930"},{"taxonomy":"product_cat","embeddable":true,"href":"https:\/\/dev.genorama.com\/et\/wp-json\/wp\/v2\/product_cat?post=1930"},{"taxonomy":"product_tag","embeddable":true,"href":"https:\/\/dev.genorama.com\/et\/wp-json\/wp\/v2\/product_tag?post=1930"}],"curies":[{"name":"wp","href":"https:\/\/api.w.org\/{rel}","templated":true}]}}