{"id":2364,"date":"2020-03-13T08:31:47","date_gmt":"2020-03-13T09:20:48","guid":{"rendered":"https:\/\/www.genorama.com\/?post_type=product&#038;p=2364"},"modified":"2025-02-17T18:10:50","modified_gmt":"2025-02-17T16:10:50","slug":"une-geenitest","status":"publish","type":"product","link":"https:\/\/dev.genorama.com\/et\/product\/une-geenitest\/","title":{"rendered":"Une geenitest"},"content":{"rendered":"<p style=\"text-align: center;\">Inimese t\u00e4helepanu- ja sooritusv\u00f5imet erineval ajal \u00f6\u00f6p\u00e4evas m\u00e4\u00e4rab tema kronot\u00fc\u00fcp, millel on t\u00f5estatud m\u00e4rkimisv\u00e4\u00e4rne geneetiline komponent.<\/p>\n<p style=\"text-align: center;\">Selleks, et keha toimiks optimaalselt, peavad keskkonnast saadud ja kehasisesed signaalid olema koosk\u00f5las. Seega toimub pidev kohanemine, mis n\u00f5uab organismilt lisaenergiat. \u00c4\u00e4rmuslikel juhtudel v\u00f5ib bioloogilise ja sotsiaalse kella vastuolu m\u00f5jutada inimese elukvaliteeti \u2013 efektiivsus tavap\u00e4rasel t\u00f6\u00f6ajal on madal ning tekib une puuduj\u00e4\u00e4k. See omakorda v\u00f5ib soodustada nii toidu ja alkoholiga liialdamist kui ka ps\u00fchholoogiliste ja kaaluprobleemide tekkimist.<\/p>\n<p style=\"text-align: center;\"><strong>Une geenitesti tulemused n\u00e4itavad:<span class=\"Apple-converted-space\">\u00a0<\/span><\/strong><\/p>\n<p style=\"text-align: center;\">kas tegemist on pigem hommiku- v\u00f5i \u00f5htuinimesega (v\u00f5i esineb m\u00f5lema tunnuseid)<br \/>\nmilline on pideva \u00e4rkveloleku m\u00f5ju reaktsiooniajale ja keskkonnatajule;<br \/>\nmilline on taastumisv\u00f5ime s\u00fcvaunes;<br \/>\nmilline on risk DSPS* v\u00e4ljakujunemiseks;<br \/>\nkuidas m\u00f5jutab kronot\u00fc\u00fcp toitumisk\u00e4itumist;<br \/>\nmilline on parim sportliku sooritusv\u00f5ime aeg;<br \/>\nmilline on tundlikkus vaimset tervist m\u00f5jutavate v\u00e4liste tegurite suhtes.<\/p>\n<p style=\"text-align: center;\"><em>*<\/em><i>hilinenud une s\u00fcndroom (Delayed Sleep Phase Syndrome)<\/i><\/p>\n<p style=\"text-align: center;\"><strong>Testi valmimisaeg:<\/strong> 30 t\u00f6\u00f6p\u00e4eva<\/p>\n<p style=\"text-align: center;\"><strong>Proovimaterjal:<\/strong> DNA proov suust p\u00f5se sisek\u00fcljelt<br \/>\nProoviv\u00f5tmise komplekt saadetakse\u00a0tellimuses m\u00e4rgitud viisil.<\/p>\n","protected":false},"excerpt":{"rendered":"<p style=\"text-align: justify;\">Sports Gene O\u00dc une geenitest v\u00f5imaldab v\u00f5rrelda, kas harjumusp\u00e4rane p\u00e4evar\u00fctm vastab geneetilistest eeldustest tulenevale sisemisele r\u00fctmile (s.t. kas pigem on tegemist \u00f5htu- v\u00f5i hommikuinimesega) ning selle m\u00f5ju kognitiivsele ja sportlikule sooritusv\u00f5imele, toitumisk\u00e4itumisele ja ainevahetusele.<\/p>\n","protected":false},"featured_media":5122,"template":"","meta":{"_acf_changed":false,"ocean_post_layout":"","ocean_both_sidebars_style":"","ocean_both_sidebars_content_width":0,"ocean_both_sidebars_sidebars_width":0,"ocean_sidebar":"0","ocean_second_sidebar":"0","ocean_disable_margins":"enable","ocean_add_body_class":"","ocean_shortcode_before_top_bar":"","ocean_shortcode_after_top_bar":"","ocean_shortcode_before_header":"","ocean_shortcode_after_header":"","ocean_has_shortcode":"","ocean_shortcode_after_title":"","ocean_shortcode_before_footer_widgets":"","ocean_shortcode_after_footer_widgets":"","ocean_shortcode_before_footer_bottom":"","ocean_shortcode_after_footer_bottom":"","ocean_display_top_bar":"default","ocean_display_header":"default","ocean_header_style":"","ocean_center_header_left_menu":"0","ocean_custom_header_template":"0","ocean_custom_logo":0,"ocean_custom_retina_logo":0,"ocean_custom_logo_max_width":0,"ocean_custom_logo_tablet_max_width":0,"ocean_custom_logo_mobile_max_width":0,"ocean_custom_logo_max_height":0,"ocean_custom_logo_tablet_max_height":0,"ocean_custom_logo_mobile_max_height":0,"ocean_header_custom_menu":"0","ocean_menu_typo_font_family":"0","ocean_menu_typo_font_subset":"","ocean_menu_typo_font_size":0,"ocean_menu_typo_font_size_tablet":0,"ocean_menu_typo_font_size_mobile":0,"ocean_menu_typo_font_size_unit":"px","ocean_menu_typo_font_weight":"","ocean_menu_typo_font_weight_tablet":"","ocean_menu_typo_font_weight_mobile":"","ocean_menu_typo_transform":"","ocean_menu_typo_transform_tablet":"","ocean_menu_typo_transform_mobile":"","ocean_menu_typo_line_height":0,"ocean_menu_typo_line_height_tablet":0,"ocean_menu_typo_line_height_mobile":0,"ocean_menu_typo_line_height_unit":"","ocean_menu_typo_spacing":0,"ocean_menu_typo_spacing_tablet":0,"ocean_menu_typo_spacing_mobile":0,"ocean_menu_typo_spacing_unit":"","ocean_menu_link_color":"","ocean_menu_link_color_hover":"","ocean_menu_link_color_active":"","ocean_menu_link_background":"","ocean_menu_link_hover_background":"","ocean_menu_link_active_background":"","ocean_menu_social_links_bg":"","ocean_menu_social_hover_links_bg":"","ocean_menu_social_links_color":"","ocean_menu_social_hover_links_color":"","ocean_disable_title":"default","ocean_disable_heading":"default","ocean_post_title":"","ocean_post_subheading":"","ocean_post_title_style":"","ocean_post_title_background_color":"","ocean_post_title_background":0,"ocean_post_title_bg_image_position":"","ocean_post_title_bg_image_attachment":"","ocean_post_title_bg_image_repeat":"","ocean_post_title_bg_image_size":"","ocean_post_title_height":0,"ocean_post_title_bg_overlay":0.5,"ocean_post_title_bg_overlay_color":"","ocean_disable_breadcrumbs":"default","ocean_breadcrumbs_color":"","ocean_breadcrumbs_separator_color":"","ocean_breadcrumbs_links_color":"","ocean_breadcrumbs_links_hover_color":"","ocean_display_footer_widgets":"default","ocean_display_footer_bottom":"default","ocean_custom_footer_template":"0"},"product_brand":[],"product_cat":[40],"product_tag":[],"class_list":{"0":"post-2364","1":"product","2":"type-product","3":"status-publish","4":"has-post-thumbnail","6":"product_cat-health-et","8":"entry","9":"has-media","11":"first","12":"instock","13":"taxable","14":"shipping-taxable","15":"purchasable","16":"product-type-simple","17":"has-product-nav","18":"col","19":"span_1_of_3","20":"owp-content-center","21":"owp-thumbs-layout-horizontal","22":"owp-btn-normal","23":"owp-tabs-layout-horizontal"},"acf":[],"aioseo_notices":[],"_links":{"self":[{"href":"https:\/\/dev.genorama.com\/et\/wp-json\/wp\/v2\/product\/2364","targetHints":{"allow":["GET"]}}],"collection":[{"href":"https:\/\/dev.genorama.com\/et\/wp-json\/wp\/v2\/product"}],"about":[{"href":"https:\/\/dev.genorama.com\/et\/wp-json\/wp\/v2\/types\/product"}],"wp:featuredmedia":[{"embeddable":true,"href":"https:\/\/dev.genorama.com\/et\/wp-json\/wp\/v2\/media\/5122"}],"wp:attachment":[{"href":"https:\/\/dev.genorama.com\/et\/wp-json\/wp\/v2\/media?parent=2364"}],"wp:term":[{"taxonomy":"product_brand","embeddable":true,"href":"https:\/\/dev.genorama.com\/et\/wp-json\/wp\/v2\/product_brand?post=2364"},{"taxonomy":"product_cat","embeddable":true,"href":"https:\/\/dev.genorama.com\/et\/wp-json\/wp\/v2\/product_cat?post=2364"},{"taxonomy":"product_tag","embeddable":true,"href":"https:\/\/dev.genorama.com\/et\/wp-json\/wp\/v2\/product_tag?post=2364"}],"curies":[{"name":"wp","href":"https:\/\/api.w.org\/{rel}","templated":true}]}}