{"id":6008,"date":"2025-02-04T15:50:54","date_gmt":"2025-02-04T13:50:54","guid":{"rendered":"https:\/\/genorama.com\/product\/kehakaalu-ohjeldamise-geneetiline-test\/"},"modified":"2025-02-17T18:05:26","modified_gmt":"2025-02-17T16:05:26","slug":"kehakaalu-ohjeldamise-geneetiline-test","status":"publish","type":"product","link":"https:\/\/dev.genorama.com\/et\/product\/kehakaalu-ohjeldamise-geneetiline-test\/","title":{"rendered":"Kehakaalu ohjeldamise geneetiline test"},"content":{"rendered":"<p>Kehakaalu ohjeldamise geneetilises testis m\u00e4\u00e4ratakse 8 SNP-i.<\/p>\n<p>Geneetilised ise\u00e4rasused m\u00e4\u00e4ravad, milline on inimese risk muutuda \u00fclekaaluliseks juhul, kui ta puutub kokku ebasoodsa keskkonnaga (n\u00e4iteks liigne s\u00f6\u00f6mine, v\u00e4hene liikumine) ning selle, kuidas organism reageerib kaalu langetavale dieedile ja f\u00fc\u00fcsilisele koormusele. Geenitesti tulemustest on kasu nii neile, kes soovivad kaalu langetada kui ka neile, kellel veel kaalu- ega terviseprobleeme ei avaldu. Oma riske ning eelsoodumusi teades on lihtsam teha kogu eluks \u00f5igeid valikuid.<\/p>\n<p>\u00dches geenis v\u00f5ivad avalduda nii neutraalne kui ka riskialleel. Riski avaldumise t\u00f5en\u00e4osus on suurem juhul, kui riskialleelidega geene on mitu, eriti kui sellega kaasneb istuv eluviis ja positiivne energiabilanss (toidutarbimine on suurem kui energiakulu).<\/p>\n<p><span style=\"font-size: 18px;\">Kehakaalu ohjeldamise geneetilise testi tulemuste p\u00f5hjal saad teada:<\/span><\/p>\n<ul>\n<li>kas sul esineb p\u00e4rilik rasvumisrisk;<\/li>\n<li>kui suur on risk \u00fclekaalu tekkimiseks;<\/li>\n<li>kas \u00fclekaalulisuse korral on olemas risk teist t\u00fc\u00fcpi diabeedi kujunemiseks;<\/li>\n<li>kas t\u00e4isk\u00f5hutunne tekib kiiresti v\u00f5i aeglaselt;<\/li>\n<li>kuidas sinu organism omastab toidurasvu ja s\u00fcsivesikuid;<\/li>\n<li>kas rasvade imendumine on kiire v\u00f5i aeglane;<\/li>\n<li>kas s\u00fcsivesikute tarbimine p\u00f5hjustab suuremat riski \u00fclekaalulisuse tekkimiseks;<\/li>\n<li>kui efektiivselt suudab sinu organism treeningu k\u00e4igus rasvu p\u00f5letada;<\/li>\n<li>milline on kehalise aktiivsuse m\u00f5ju sinu kehakaalule;<\/li>\n<\/ul>\n<p>Kehakaalu ohjeldamise geneetilise testi tegemine on v\u00e4ga lihtne! Anal\u00fc\u00fcsi tegemiseks tuleb v\u00f5tta steriilse vatipulgaga p\u00f5se limaskestalt p\u00f5sekaabe, lasta sellel kuivada ning seej\u00e4rel proov meile saata.<\/p>\n<p>Vaata ka proovi v\u00f5tmist tutvustavat <a href=\"https:\/\/youtu.be\/nAi6Lva0gCU\">videot<\/a>.<\/p>\n","protected":false},"excerpt":{"rendered":"<p>Kehakaalu ohjeldamise geneetiline test n\u00e4itab, kas sul esineb p\u00e4rilikku eelsoodumust rasvumisele, kuidas toimub rasvade ja s\u00fcsivesikute ainevahetus organismis ning milline on kehalise aktiivsuse m\u00f5ju kehakaalule.<\/p>\n","protected":false},"featured_media":5129,"template":"","meta":{"_acf_changed":false,"ocean_post_layout":"","ocean_both_sidebars_style":"","ocean_both_sidebars_content_width":0,"ocean_both_sidebars_sidebars_width":0,"ocean_sidebar":"0","ocean_second_sidebar":"0","ocean_disable_margins":"enable","ocean_add_body_class":"","ocean_shortcode_before_top_bar":"","ocean_shortcode_after_top_bar":"","ocean_shortcode_before_header":"","ocean_shortcode_after_header":"","ocean_has_shortcode":"","ocean_shortcode_after_title":"","ocean_shortcode_before_footer_widgets":"","ocean_shortcode_after_footer_widgets":"","ocean_shortcode_before_footer_bottom":"","ocean_shortcode_after_footer_bottom":"","ocean_display_top_bar":"default","ocean_display_header":"default","ocean_header_style":"","ocean_center_header_left_menu":"0","ocean_custom_header_template":"0","ocean_custom_logo":0,"ocean_custom_retina_logo":0,"ocean_custom_logo_max_width":0,"ocean_custom_logo_tablet_max_width":0,"ocean_custom_logo_mobile_max_width":0,"ocean_custom_logo_max_height":0,"ocean_custom_logo_tablet_max_height":0,"ocean_custom_logo_mobile_max_height":0,"ocean_header_custom_menu":"0","ocean_menu_typo_font_family":"0","ocean_menu_typo_font_subset":"","ocean_menu_typo_font_size":0,"ocean_menu_typo_font_size_tablet":0,"ocean_menu_typo_font_size_mobile":0,"ocean_menu_typo_font_size_unit":"px","ocean_menu_typo_font_weight":"","ocean_menu_typo_font_weight_tablet":"","ocean_menu_typo_font_weight_mobile":"","ocean_menu_typo_transform":"","ocean_menu_typo_transform_tablet":"","ocean_menu_typo_transform_mobile":"","ocean_menu_typo_line_height":0,"ocean_menu_typo_line_height_tablet":0,"ocean_menu_typo_line_height_mobile":0,"ocean_menu_typo_line_height_unit":"","ocean_menu_typo_spacing":0,"ocean_menu_typo_spacing_tablet":0,"ocean_menu_typo_spacing_mobile":0,"ocean_menu_typo_spacing_unit":"","ocean_menu_link_color":"","ocean_menu_link_color_hover":"","ocean_menu_link_color_active":"","ocean_menu_link_background":"","ocean_menu_link_hover_background":"","ocean_menu_link_active_background":"","ocean_menu_social_links_bg":"","ocean_menu_social_hover_links_bg":"","ocean_menu_social_links_color":"","ocean_menu_social_hover_links_color":"","ocean_disable_title":"default","ocean_disable_heading":"default","ocean_post_title":"","ocean_post_subheading":"","ocean_post_title_style":"","ocean_post_title_background_color":"","ocean_post_title_background":0,"ocean_post_title_bg_image_position":"","ocean_post_title_bg_image_attachment":"","ocean_post_title_bg_image_repeat":"","ocean_post_title_bg_image_size":"","ocean_post_title_height":0,"ocean_post_title_bg_overlay":0.5,"ocean_post_title_bg_overlay_color":"","ocean_disable_breadcrumbs":"default","ocean_breadcrumbs_color":"","ocean_breadcrumbs_separator_color":"","ocean_breadcrumbs_links_color":"","ocean_breadcrumbs_links_hover_color":"","ocean_display_footer_widgets":"default","ocean_display_footer_bottom":"default","ocean_custom_footer_template":"0"},"product_brand":[],"product_cat":[41],"product_tag":[],"class_list":{"0":"post-6008","1":"product","2":"type-product","3":"status-publish","4":"has-post-thumbnail","6":"product_cat-nutrition-et","8":"entry","9":"has-media","11":"first","12":"instock","13":"taxable","14":"shipping-taxable","15":"purchasable","16":"product-type-simple","17":"has-product-nav","18":"col","19":"span_1_of_3","20":"owp-content-center","21":"owp-thumbs-layout-horizontal","22":"owp-btn-normal","23":"owp-tabs-layout-horizontal"},"acf":[],"aioseo_notices":[],"_links":{"self":[{"href":"https:\/\/dev.genorama.com\/et\/wp-json\/wp\/v2\/product\/6008","targetHints":{"allow":["GET"]}}],"collection":[{"href":"https:\/\/dev.genorama.com\/et\/wp-json\/wp\/v2\/product"}],"about":[{"href":"https:\/\/dev.genorama.com\/et\/wp-json\/wp\/v2\/types\/product"}],"wp:featuredmedia":[{"embeddable":true,"href":"https:\/\/dev.genorama.com\/et\/wp-json\/wp\/v2\/media\/5129"}],"wp:attachment":[{"href":"https:\/\/dev.genorama.com\/et\/wp-json\/wp\/v2\/media?parent=6008"}],"wp:term":[{"taxonomy":"product_brand","embeddable":true,"href":"https:\/\/dev.genorama.com\/et\/wp-json\/wp\/v2\/product_brand?post=6008"},{"taxonomy":"product_cat","embeddable":true,"href":"https:\/\/dev.genorama.com\/et\/wp-json\/wp\/v2\/product_cat?post=6008"},{"taxonomy":"product_tag","embeddable":true,"href":"https:\/\/dev.genorama.com\/et\/wp-json\/wp\/v2\/product_tag?post=6008"}],"curies":[{"name":"wp","href":"https:\/\/api.w.org\/{rel}","templated":true}]}}