{"id":5708,"date":"2017-04-27T09:04:19","date_gmt":"2017-04-27T09:04:19","guid":{"rendered":"https:\/\/genorama.com\/product\/urheilullinen-suorituskykytesti\/"},"modified":"2025-02-17T18:17:27","modified_gmt":"2025-02-17T16:17:27","slug":"urheilullinen-suorituskykytesti","status":"publish","type":"product","link":"https:\/\/dev.genorama.com\/fi\/product\/urheilullinen-suorituskykytesti\/","title":{"rendered":"Urheilullinen suorituskykytesti"},"content":{"rendered":"<p style=\"text-align: center;\">Selvit\u00e4, miten DNA:si vaikuttaa urheilusuoritukseesi. Erikoisgeneettinen testimme on suunniteltu urheilun harrastajille, jotka haluavat ymm\u00e4rt\u00e4\u00e4 luontaisia taipumuksiaan voimaan, nopeuteen ja kest\u00e4vyyteen. Analysoimalla kahta keskeist\u00e4 suorituskykyyn liittyv\u00e4\u00e4 geeni\u00e4, ACE:t\u00e4 ja ACTN3:a, t\u00e4m\u00e4 testi tarjoaa korvaamatonta tietoa kehosi potentiaalista:<\/p>\n<p style=\"text-align: center;\">ACE: Vaikuttaa syd\u00e4n- ja verenkiertoelimist\u00f6n tehokkuuteen ja kehon kykyyn sopeutua fyysisiin haasteisiin.<br \/>\nACTN3: S\u00e4\u00e4telee lihasten suorituskyky\u00e4 ja voimantuottoa.<\/p>\n<p style=\"text-align: center;\"><strong>Mit\u00e4 saat selville?<\/strong><br \/>\nGenetiikalla on merkitt\u00e4v\u00e4 rooli urheilusuoritukseen, mutta menestykseen vaikuttavat my\u00f6s sellaiset tekij\u00e4t kuin ravinto, harjoittelu ja ajattelutapa. Geneettisten vahvuuksiesi tunteminen voi auttaa sinua valitsemaan luontaisille kyvyillesi parhaiten sopivat urheilulajit ja harjoittelumenetelm\u00e4t, mik\u00e4 antaa sinulle kilpailuetua. Riippumatta siit\u00e4, pyritk\u00f6 huippusuoritukseen vai tutustutko uuteen kuntoilumatkaan, t\u00e4m\u00e4 testi antaa sinulle tietoa, jonka avulla voit maksimoida potentiaalisi.<\/p>\n<p style=\"text-align: center;\"><strong>Testin yksityiskohdat:<\/strong><\/p>\n<p style=\"text-align: center;\"><strong>L\u00e4pimenoaika:<\/strong> Tulokset vain 10 ty\u00f6p\u00e4iv\u00e4ss\u00e4.<br \/>\n<strong>N\u00e4ytteenotto:<\/strong> Bukkaalinen solupyyhk\u00e4isy.<\/p>\n","protected":false},"excerpt":{"rendered":"<p>Testiss\u00e4 havaitaan kaksi geeni\u00e4 ACE ja ACTN3, jotka liittyv\u00e4t urheilusuoritukseen. ACE- ja ACTN3-geenivarianttien tunnistamisen avulla voidaan m\u00e4\u00e4ritt\u00e4\u00e4, menestyyk\u00f6 henkil\u00f6 sprintti- ja voimailulajeissa (sprinttimatkat, heitto- ja heittolajit, kehonrakennus jne.), kest\u00e4vyyslajeissa (juoksu, hiihto, soutu, triathlon jne.) vai onko henkil\u00f6 niin sanottu yleisurheilija.<\/p>\n","protected":false},"featured_media":5144,"template":"","meta":{"_acf_changed":false,"ocean_post_layout":"","ocean_both_sidebars_style":"","ocean_both_sidebars_content_width":0,"ocean_both_sidebars_sidebars_width":0,"ocean_sidebar":"0","ocean_second_sidebar":"0","ocean_disable_margins":"enable","ocean_add_body_class":"","ocean_shortcode_before_top_bar":"","ocean_shortcode_after_top_bar":"","ocean_shortcode_before_header":"","ocean_shortcode_after_header":"","ocean_has_shortcode":"","ocean_shortcode_after_title":"","ocean_shortcode_before_footer_widgets":"","ocean_shortcode_after_footer_widgets":"","ocean_shortcode_before_footer_bottom":"","ocean_shortcode_after_footer_bottom":"","ocean_display_top_bar":"default","ocean_display_header":"default","ocean_header_style":"","ocean_center_header_left_menu":"0","ocean_custom_header_template":"0","ocean_custom_logo":0,"ocean_custom_retina_logo":0,"ocean_custom_logo_max_width":0,"ocean_custom_logo_tablet_max_width":0,"ocean_custom_logo_mobile_max_width":0,"ocean_custom_logo_max_height":0,"ocean_custom_logo_tablet_max_height":0,"ocean_custom_logo_mobile_max_height":0,"ocean_header_custom_menu":"0","ocean_menu_typo_font_family":"0","ocean_menu_typo_font_subset":"","ocean_menu_typo_font_size":0,"ocean_menu_typo_font_size_tablet":0,"ocean_menu_typo_font_size_mobile":0,"ocean_menu_typo_font_size_unit":"px","ocean_menu_typo_font_weight":"","ocean_menu_typo_font_weight_tablet":"","ocean_menu_typo_font_weight_mobile":"","ocean_menu_typo_transform":"","ocean_menu_typo_transform_tablet":"","ocean_menu_typo_transform_mobile":"","ocean_menu_typo_line_height":0,"ocean_menu_typo_line_height_tablet":0,"ocean_menu_typo_line_height_mobile":0,"ocean_menu_typo_line_height_unit":"","ocean_menu_typo_spacing":0,"ocean_menu_typo_spacing_tablet":0,"ocean_menu_typo_spacing_mobile":0,"ocean_menu_typo_spacing_unit":"","ocean_menu_link_color":"","ocean_menu_link_color_hover":"","ocean_menu_link_color_active":"","ocean_menu_link_background":"","ocean_menu_link_hover_background":"","ocean_menu_link_active_background":"","ocean_menu_social_links_bg":"","ocean_menu_social_hover_links_bg":"","ocean_menu_social_links_color":"","ocean_menu_social_hover_links_color":"","ocean_disable_title":"default","ocean_disable_heading":"default","ocean_post_title":"","ocean_post_subheading":"","ocean_post_title_style":"","ocean_post_title_background_color":"","ocean_post_title_background":0,"ocean_post_title_bg_image_position":"","ocean_post_title_bg_image_attachment":"","ocean_post_title_bg_image_repeat":"","ocean_post_title_bg_image_size":"","ocean_post_title_height":0,"ocean_post_title_bg_overlay":0.5,"ocean_post_title_bg_overlay_color":"","ocean_disable_breadcrumbs":"default","ocean_breadcrumbs_color":"","ocean_breadcrumbs_separator_color":"","ocean_breadcrumbs_links_color":"","ocean_breadcrumbs_links_hover_color":"","ocean_display_footer_widgets":"default","ocean_display_footer_bottom":"default","ocean_custom_footer_template":"0"},"product_brand":[],"product_cat":[303],"product_tag":[],"class_list":{"0":"post-5708","1":"product","2":"type-product","3":"status-publish","4":"has-post-thumbnail","6":"product_cat-urheilu","8":"entry","9":"has-media","11":"first","12":"instock","13":"taxable","14":"shipping-taxable","15":"purchasable","16":"product-type-simple","17":"has-product-nav","18":"col","19":"span_1_of_3","20":"owp-content-center","21":"owp-thumbs-layout-horizontal","22":"owp-btn-normal","23":"owp-tabs-layout-horizontal"},"acf":[],"aioseo_notices":[],"_links":{"self":[{"href":"https:\/\/dev.genorama.com\/fi\/wp-json\/wp\/v2\/product\/5708","targetHints":{"allow":["GET"]}}],"collection":[{"href":"https:\/\/dev.genorama.com\/fi\/wp-json\/wp\/v2\/product"}],"about":[{"href":"https:\/\/dev.genorama.com\/fi\/wp-json\/wp\/v2\/types\/product"}],"wp:featuredmedia":[{"embeddable":true,"href":"https:\/\/dev.genorama.com\/fi\/wp-json\/wp\/v2\/media\/5144"}],"wp:attachment":[{"href":"https:\/\/dev.genorama.com\/fi\/wp-json\/wp\/v2\/media?parent=5708"}],"wp:term":[{"taxonomy":"product_brand","embeddable":true,"href":"https:\/\/dev.genorama.com\/fi\/wp-json\/wp\/v2\/product_brand?post=5708"},{"taxonomy":"product_cat","embeddable":true,"href":"https:\/\/dev.genorama.com\/fi\/wp-json\/wp\/v2\/product_cat?post=5708"},{"taxonomy":"product_tag","embeddable":true,"href":"https:\/\/dev.genorama.com\/fi\/wp-json\/wp\/v2\/product_tag?post=5708"}],"curies":[{"name":"wp","href":"https:\/\/api.w.org\/{rel}","templated":true}]}}