{"id":5722,"date":"2020-03-13T08:31:47","date_gmt":"2020-03-13T08:31:47","guid":{"rendered":"https:\/\/genorama.com\/product\/unen-geneettinen-testi\/"},"modified":"2025-02-17T18:11:04","modified_gmt":"2025-02-17T16:11:04","slug":"unen-geneettinen-testi","status":"publish","type":"product","link":"https:\/\/dev.genorama.com\/fi\/product\/unen-geneettinen-testi\/","title":{"rendered":"Unen geneettinen testi"},"content":{"rendered":"<p style=\"text-align: center;\">Tarkkaavaisuus ja suorituskyky vuorokauden eri aikoina m\u00e4\u00e4r\u00e4ytyv\u00e4t kronotyypin mukaan, jolla on todistetusti merkitt\u00e4v\u00e4 geneettinen komponentti.<\/p>\n<p style=\"text-align: center;\">Jotta keho toimisi optimaalisesti, ulkoisen ymp\u00e4rist\u00f6n signaalien ja kehon sis\u00e4isten signaalien on oltava synkronissa. T\u00e4m\u00e4 edellytt\u00e4\u00e4 jatkuvaa sopeutumista, mik\u00e4 vaatii keholta ylim\u00e4\u00e4r\u00e4ist\u00e4 ponnistelua ja energiaa. \u00c4\u00e4rimm\u00e4isiss\u00e4 tapauksissa biologisen ja sosiaalisen kellon ristiriita voi vaikuttaa el\u00e4m\u00e4nlaatuun, koska suorituskyky on heikko normaalina ty\u00f6aikana, ja johtaa univajeeseen. T\u00e4m\u00e4 puolestaan voi aiheuttaa liiallista ruoan ja alkoholin kulutusta sek\u00e4 psykologisia ja paino-ongelmia.<\/p>\n<p style=\"text-align: center;\"><strong>Unen geneettisen testin tulokset osoittavat:<\/strong><\/p>\n<p style=\"text-align: center;\">Oletko todenn\u00e4k\u00f6isemmin aamutyyppi vai iltatyyppi (tai v\u00e4lityyppi);<br \/>\nMiten jatkuva valveillaolo vaikuttaa lihastoimintaasi ja tietoisuuteesi ulkoisesta ymp\u00e4rist\u00f6st\u00e4;<br \/>\nKuinka hyvin kehosi palautuu syv\u00e4ss\u00e4 unessa;<br \/>\nOnko sinulla riski sairastua DSPS:\u00e4\u00e4n*;<br \/>\nMiten kronotyyppisi vaikuttaa sy\u00f6misk\u00e4ytt\u00e4ytymiseesi;<br \/>\nMik\u00e4 on urheilusuorituksesi huippuaika;<br \/>\nMiten kehosi reagoi henkiseen kapasiteettiin vaikuttaviin ulkoisiin tekij\u00f6ihin.<\/p>\n<p style=\"text-align: center;\"><em>* Viiv\u00e4styneen univaiheen oireyhtym\u00e4*.<\/em><\/p>\n<p style=\"text-align: center;\"><strong>L\u00e4pimenoaika:<\/strong> 30 ty\u00f6p\u00e4iv\u00e4\u00e4<\/p>\n<p style=\"text-align: center;\"><strong>N\u00e4ytevaatimukset:<\/strong> Bukkaalinen solun\u00e4yte<\/p>\n","protected":false},"excerpt":{"rendered":"<p>Sports Gene LLC:n kehitt\u00e4m\u00e4 unen geenitesti mahdollistaa vakiintuneen vuorokausirytmin vertaamisen geneettisest\u00e4 taipumuksesta johtuvaan sis\u00e4iseen rytmiin (eli siihen, onko henkil\u00f6 todenn\u00e4k\u00f6isemmin ilta- vai aamutyyppi) ja sen vaikutukseen kognitiiviseen ja urheilusuoritukseen, sy\u00f6misk\u00e4ytt\u00e4ytymiseen ja aineenvaihduntaan.<\/p>\n","protected":false},"featured_media":5123,"template":"","meta":{"_acf_changed":false,"ocean_post_layout":"","ocean_both_sidebars_style":"","ocean_both_sidebars_content_width":0,"ocean_both_sidebars_sidebars_width":0,"ocean_sidebar":"0","ocean_second_sidebar":"0","ocean_disable_margins":"enable","ocean_add_body_class":"","ocean_shortcode_before_top_bar":"","ocean_shortcode_after_top_bar":"","ocean_shortcode_before_header":"","ocean_shortcode_after_header":"","ocean_has_shortcode":"","ocean_shortcode_after_title":"","ocean_shortcode_before_footer_widgets":"","ocean_shortcode_after_footer_widgets":"","ocean_shortcode_before_footer_bottom":"","ocean_shortcode_after_footer_bottom":"","ocean_display_top_bar":"default","ocean_display_header":"default","ocean_header_style":"","ocean_center_header_left_menu":"0","ocean_custom_header_template":"0","ocean_custom_logo":0,"ocean_custom_retina_logo":0,"ocean_custom_logo_max_width":0,"ocean_custom_logo_tablet_max_width":0,"ocean_custom_logo_mobile_max_width":0,"ocean_custom_logo_max_height":0,"ocean_custom_logo_tablet_max_height":0,"ocean_custom_logo_mobile_max_height":0,"ocean_header_custom_menu":"0","ocean_menu_typo_font_family":"0","ocean_menu_typo_font_subset":"","ocean_menu_typo_font_size":0,"ocean_menu_typo_font_size_tablet":0,"ocean_menu_typo_font_size_mobile":0,"ocean_menu_typo_font_size_unit":"px","ocean_menu_typo_font_weight":"","ocean_menu_typo_font_weight_tablet":"","ocean_menu_typo_font_weight_mobile":"","ocean_menu_typo_transform":"","ocean_menu_typo_transform_tablet":"","ocean_menu_typo_transform_mobile":"","ocean_menu_typo_line_height":0,"ocean_menu_typo_line_height_tablet":0,"ocean_menu_typo_line_height_mobile":0,"ocean_menu_typo_line_height_unit":"","ocean_menu_typo_spacing":0,"ocean_menu_typo_spacing_tablet":0,"ocean_menu_typo_spacing_mobile":0,"ocean_menu_typo_spacing_unit":"","ocean_menu_link_color":"","ocean_menu_link_color_hover":"","ocean_menu_link_color_active":"","ocean_menu_link_background":"","ocean_menu_link_hover_background":"","ocean_menu_link_active_background":"","ocean_menu_social_links_bg":"","ocean_menu_social_hover_links_bg":"","ocean_menu_social_links_color":"","ocean_menu_social_hover_links_color":"","ocean_disable_title":"default","ocean_disable_heading":"default","ocean_post_title":"","ocean_post_subheading":"","ocean_post_title_style":"","ocean_post_title_background_color":"","ocean_post_title_background":0,"ocean_post_title_bg_image_position":"","ocean_post_title_bg_image_attachment":"","ocean_post_title_bg_image_repeat":"","ocean_post_title_bg_image_size":"","ocean_post_title_height":0,"ocean_post_title_bg_overlay":0.5,"ocean_post_title_bg_overlay_color":"","ocean_disable_breadcrumbs":"default","ocean_breadcrumbs_color":"","ocean_breadcrumbs_separator_color":"","ocean_breadcrumbs_links_color":"","ocean_breadcrumbs_links_hover_color":"","ocean_display_footer_widgets":"default","ocean_display_footer_bottom":"default","ocean_custom_footer_template":"0"},"product_brand":[],"product_cat":[295],"product_tag":[],"class_list":{"0":"post-5722","1":"product","2":"type-product","3":"status-publish","4":"has-post-thumbnail","6":"product_cat-terveys","8":"entry","9":"has-media","11":"first","12":"instock","13":"taxable","14":"shipping-taxable","15":"purchasable","16":"product-type-simple","17":"has-product-nav","18":"col","19":"span_1_of_3","20":"owp-content-center","21":"owp-thumbs-layout-horizontal","22":"owp-btn-normal","23":"owp-tabs-layout-horizontal"},"acf":[],"aioseo_notices":[],"_links":{"self":[{"href":"https:\/\/dev.genorama.com\/fi\/wp-json\/wp\/v2\/product\/5722","targetHints":{"allow":["GET"]}}],"collection":[{"href":"https:\/\/dev.genorama.com\/fi\/wp-json\/wp\/v2\/product"}],"about":[{"href":"https:\/\/dev.genorama.com\/fi\/wp-json\/wp\/v2\/types\/product"}],"wp:featuredmedia":[{"embeddable":true,"href":"https:\/\/dev.genorama.com\/fi\/wp-json\/wp\/v2\/media\/5123"}],"wp:attachment":[{"href":"https:\/\/dev.genorama.com\/fi\/wp-json\/wp\/v2\/media?parent=5722"}],"wp:term":[{"taxonomy":"product_brand","embeddable":true,"href":"https:\/\/dev.genorama.com\/fi\/wp-json\/wp\/v2\/product_brand?post=5722"},{"taxonomy":"product_cat","embeddable":true,"href":"https:\/\/dev.genorama.com\/fi\/wp-json\/wp\/v2\/product_cat?post=5722"},{"taxonomy":"product_tag","embeddable":true,"href":"https:\/\/dev.genorama.com\/fi\/wp-json\/wp\/v2\/product_tag?post=5722"}],"curies":[{"name":"wp","href":"https:\/\/api.w.org\/{rel}","templated":true}]}}