{"id":6009,"date":"2025-02-04T15:50:54","date_gmt":"2025-02-04T13:50:54","guid":{"rendered":"https:\/\/genorama.com\/product\/geneettinen-testi-painonhallintaa-varten\/"},"modified":"2025-02-17T18:05:50","modified_gmt":"2025-02-17T16:05:50","slug":"geneettinen-testi-painonhallintaa-varten","status":"publish","type":"product","link":"https:\/\/dev.genorama.com\/fi\/product\/geneettinen-testi-painonhallintaa-varten\/","title":{"rendered":"Geneettinen testi painonhallintaa varten"},"content":{"rendered":"<p>Painonhallinnan geenitestiss\u00e4 m\u00e4\u00e4ritet\u00e4\u00e4n kahdeksan SNP:t\u00e4 seitsem\u00e4ss\u00e4 geeniss\u00e4.<\/p>\n<p>Geneettiset ominaisuudet m\u00e4\u00e4ritt\u00e4v\u00e4t yksil\u00f6llisen riskin lihoa liikaa, kun altistutaan ep\u00e4suotuisalle ymp\u00e4rist\u00f6lle (kuten ylensy\u00f6nti, riitt\u00e4m\u00e4t\u00f6n liikunta) ja elimist\u00f6n vasteen laihdutusruokavalioon ja fyysiseen ponnisteluun. Geenitestin tuloksista saadut tiedot ovat hy\u00f6dyllisi\u00e4 sek\u00e4 niille, jotka haluavat laihtua, ett\u00e4 niille, joilla ei ole viel\u00e4 ollut paino- tai terveysongelmia. Tietoisuus omista riskeist\u00e4 ja taipumuksista helpottaa oikeiden p\u00e4\u00e4t\u00f6sten tekemist\u00e4 el\u00e4m\u00e4\u00e4 varten.<\/p>\n<p>Yksitt\u00e4inen geeni voi sis\u00e4lt\u00e4\u00e4 neutraaleja ja riskialleeleja. Useat geenit, joilla on riskialleeleja, lis\u00e4\u00e4v\u00e4t tietyn riskin ilmenemisen todenn\u00e4k\u00f6isyytt\u00e4, erityisesti kun ne yhdistet\u00e4\u00e4n istumaty\u00f6h\u00f6n ja positiiviseen energiatasapainoon (ruoan saanti ylitt\u00e4\u00e4 energiankulutuksen).<\/p>\n<p>Painonhallintaa koskevan geenitestin tulosten perusteella voit selvitt\u00e4\u00e4:<\/p>\n<ul>\n<li>geneettisen lihavuusriskin olemassaolo;<\/li>\n<li>ylipainon riskin laajuus;<\/li>\n<li>todenn\u00e4k\u00f6isyys sairastua tyypin 2 diabetekseen, jos olet ylipainoinen;<\/li>\n<li>varhaisen tai my\u00f6h\u00e4isen kyll\u00e4isyyden esiintyminen;<\/li>\n<li>ravinnon rasvojen ja hiilihydraattien aineenvaihdunta;<\/li>\n<li>rasvan hyv\u00e4ksik\u00e4ytt\u00f6nopeus (nopea tai hidas);<\/li>\n<li>todenn\u00e4k\u00f6isyys tulla ylipainoiseksi hiilihydraattien lis\u00e4\u00e4ntyneen kulutuksen vuoksi;<\/li>\n<li>rasvanpolton tehokkuus liikunnan aikana;<\/li>\n<li>fyysisen aktiivisuuden vaikutus kehon painoon.<\/li>\n<\/ul>\n<p>Painonhallinnan geenitestin tekeminen on eritt\u00e4in helppoa! Aloita ottamalla DNA-n\u00e4yte. Hiero sit\u00e4 varten poskesi sis\u00e4puolta steriilill\u00e4 pumpulipuikolla, anna sen kuivua ja l\u00e4het\u00e4 n\u00e4yte sitten meille. Tulokset ovat saatavilla 30 p\u00e4iv\u00e4n kuluessa.<\/p>\n<p>Katso <a href=\"https:\/\/www.youtube.com\/watch?v=C6i0ITOaZhM&amp;ab_channel=AsperBiogene\">n\u00e4ytteenotto-ohjevideomme<\/a>.<\/p>\n","protected":false},"excerpt":{"rendered":"<p>Painonhallinnan geenitestiss\u00e4 analysoidut geenit kertovat, onko sinulla perinn\u00f6llinen taipumus lihavuuteen, miten elimist\u00f6si metaboloi rasvaa ja hiilihydraatteja ja miten liikunnan m\u00e4\u00e4r\u00e4 vaikuttaa painoosi.<\/p>\n","protected":false},"featured_media":5130,"template":"","meta":{"_acf_changed":false,"ocean_post_layout":"","ocean_both_sidebars_style":"","ocean_both_sidebars_content_width":0,"ocean_both_sidebars_sidebars_width":0,"ocean_sidebar":"0","ocean_second_sidebar":"0","ocean_disable_margins":"enable","ocean_add_body_class":"","ocean_shortcode_before_top_bar":"","ocean_shortcode_after_top_bar":"","ocean_shortcode_before_header":"","ocean_shortcode_after_header":"","ocean_has_shortcode":"","ocean_shortcode_after_title":"","ocean_shortcode_before_footer_widgets":"","ocean_shortcode_after_footer_widgets":"","ocean_shortcode_before_footer_bottom":"","ocean_shortcode_after_footer_bottom":"","ocean_display_top_bar":"default","ocean_display_header":"default","ocean_header_style":"","ocean_center_header_left_menu":"0","ocean_custom_header_template":"0","ocean_custom_logo":0,"ocean_custom_retina_logo":0,"ocean_custom_logo_max_width":0,"ocean_custom_logo_tablet_max_width":0,"ocean_custom_logo_mobile_max_width":0,"ocean_custom_logo_max_height":0,"ocean_custom_logo_tablet_max_height":0,"ocean_custom_logo_mobile_max_height":0,"ocean_header_custom_menu":"0","ocean_menu_typo_font_family":"0","ocean_menu_typo_font_subset":"","ocean_menu_typo_font_size":0,"ocean_menu_typo_font_size_tablet":0,"ocean_menu_typo_font_size_mobile":0,"ocean_menu_typo_font_size_unit":"px","ocean_menu_typo_font_weight":"","ocean_menu_typo_font_weight_tablet":"","ocean_menu_typo_font_weight_mobile":"","ocean_menu_typo_transform":"","ocean_menu_typo_transform_tablet":"","ocean_menu_typo_transform_mobile":"","ocean_menu_typo_line_height":0,"ocean_menu_typo_line_height_tablet":0,"ocean_menu_typo_line_height_mobile":0,"ocean_menu_typo_line_height_unit":"","ocean_menu_typo_spacing":0,"ocean_menu_typo_spacing_tablet":0,"ocean_menu_typo_spacing_mobile":0,"ocean_menu_typo_spacing_unit":"","ocean_menu_link_color":"","ocean_menu_link_color_hover":"","ocean_menu_link_color_active":"","ocean_menu_link_background":"","ocean_menu_link_hover_background":"","ocean_menu_link_active_background":"","ocean_menu_social_links_bg":"","ocean_menu_social_hover_links_bg":"","ocean_menu_social_links_color":"","ocean_menu_social_hover_links_color":"","ocean_disable_title":"default","ocean_disable_heading":"default","ocean_post_title":"","ocean_post_subheading":"","ocean_post_title_style":"","ocean_post_title_background_color":"","ocean_post_title_background":0,"ocean_post_title_bg_image_position":"","ocean_post_title_bg_image_attachment":"","ocean_post_title_bg_image_repeat":"","ocean_post_title_bg_image_size":"","ocean_post_title_height":0,"ocean_post_title_bg_overlay":0.5,"ocean_post_title_bg_overlay_color":"","ocean_disable_breadcrumbs":"default","ocean_breadcrumbs_color":"","ocean_breadcrumbs_separator_color":"","ocean_breadcrumbs_links_color":"","ocean_breadcrumbs_links_hover_color":"","ocean_display_footer_widgets":"default","ocean_display_footer_bottom":"default","ocean_custom_footer_template":"0"},"product_brand":[],"product_cat":[299],"product_tag":[],"class_list":{"0":"post-6009","1":"product","2":"type-product","3":"status-publish","4":"has-post-thumbnail","6":"product_cat-ravitsemus","8":"entry","9":"has-media","11":"first","12":"instock","13":"taxable","14":"shipping-taxable","15":"purchasable","16":"product-type-simple","17":"has-product-nav","18":"col","19":"span_1_of_3","20":"owp-content-center","21":"owp-thumbs-layout-horizontal","22":"owp-btn-normal","23":"owp-tabs-layout-horizontal"},"acf":[],"aioseo_notices":[],"_links":{"self":[{"href":"https:\/\/dev.genorama.com\/fi\/wp-json\/wp\/v2\/product\/6009","targetHints":{"allow":["GET"]}}],"collection":[{"href":"https:\/\/dev.genorama.com\/fi\/wp-json\/wp\/v2\/product"}],"about":[{"href":"https:\/\/dev.genorama.com\/fi\/wp-json\/wp\/v2\/types\/product"}],"wp:featuredmedia":[{"embeddable":true,"href":"https:\/\/dev.genorama.com\/fi\/wp-json\/wp\/v2\/media\/5130"}],"wp:attachment":[{"href":"https:\/\/dev.genorama.com\/fi\/wp-json\/wp\/v2\/media?parent=6009"}],"wp:term":[{"taxonomy":"product_brand","embeddable":true,"href":"https:\/\/dev.genorama.com\/fi\/wp-json\/wp\/v2\/product_brand?post=6009"},{"taxonomy":"product_cat","embeddable":true,"href":"https:\/\/dev.genorama.com\/fi\/wp-json\/wp\/v2\/product_cat?post=6009"},{"taxonomy":"product_tag","embeddable":true,"href":"https:\/\/dev.genorama.com\/fi\/wp-json\/wp\/v2\/product_tag?post=6009"}],"curies":[{"name":"wp","href":"https:\/\/api.w.org\/{rel}","templated":true}]}}