{"id":5711,"date":"2017-04-27T09:04:19","date_gmt":"2017-04-27T09:04:19","guid":{"rendered":"https:\/\/genorama.com\/product\/atletiskumo-testas\/"},"modified":"2025-02-17T18:16:53","modified_gmt":"2025-02-17T16:16:53","slug":"atletiskumo-testas","status":"publish","type":"product","link":"https:\/\/dev.genorama.com\/lt\/product\/atletiskumo-testas\/","title":{"rendered":"Atleti\u0161kumo testas"},"content":{"rendered":"<p style=\"text-align: center;\">Su\u017einokite, koki\u0105 \u012ftak\u0105 j\u016bs\u0173 DNR turi j\u016bs\u0173 sportiniams rezultatams. M\u016bs\u0173 specializuotas genetinis testas skirtas sporto entuziastams, norintiems suprasti savo prigimtinius polinkius \u012f j\u0117g\u0105, greit\u012f ir i\u0161tverm\u0119. Analizuodamas du pagrindinius su sportiniu paj\u0117gumu susijusius genus &#8211; ACE ir ACTN3 &#8211; \u0161is testas suteikia ne\u012fkainojam\u0173 \u012f\u017evalg\u0173 apie j\u016bs\u0173 k\u016bno potencial\u0105:<\/p>\n<p style=\"text-align: center;\"><strong>ACE:<\/strong> turi \u012ftakos \u0161irdies ir kraujagysli\u0173 sistemos efektyvumui ir j\u016bs\u0173 k\u016bno geb\u0117jimui prisitaikyti prie fizini\u0173 i\u0161\u0161\u016bki\u0173.<br \/>\n<strong>ACTN3: <\/strong>Reguliuoja raumen\u0173 na\u0161um\u0105 ir energijos kiek\u012f.<\/p>\n<p style=\"text-align: center;\"><strong>K\u0105 su\u017einosite?<\/strong><br \/>\nGenetika atlieka svarb\u0173 vaidmen\u012f sportiniuose rezultatuose, ta\u010diau s\u0117km\u0119 lemia ir tokie veiksniai kaip mityba, treniruot\u0117s ir m\u0105stysena. \u017dinodami savo genetines stipri\u0105sias puses, galite pasirinkti sporto \u0161akas ir treniruo\u010di\u0173 metodus, geriausiai atitinkan\u010dius j\u016bs\u0173 prigimtinius geb\u0117jimus, ir taip \u012fgyti konkurencin\u012f prana\u0161um\u0105. Nesvarbu, ar siekiate auk\u0161\u010diausi\u0173 rezultat\u0173, ar pradedate nauj\u0105 sveikatingumo kelion\u0119, \u0161is testas suteiks jums \u017eini\u0173, kad maksimaliai i\u0161naudotum\u0117te savo potencial\u0105.<\/p>\n<p style=\"text-align: center;\"><strong>I\u0161sami informacija apie test\u0105:<\/strong><\/p>\n<p style=\"text-align: center;\"><strong>Apibendrinimas:<\/strong> Rezultatai gaunami vos per 10 darbo dien\u0173.<br \/>\n<strong>M\u0117gini\u0173 pa\u0117mimas:<\/strong> Lengvas ir neskausmingas m\u0117ginio pa\u0117mimas i\u0161 burnos l\u0105steli\u0173 (skruosto tampono).<\/p>\n","protected":false},"excerpt":{"rendered":"<p>Testu nustatomi du genai ACE ir ACTN3, susij\u0119 su sportiniu paj\u0117gumu. ACE ir ACTN3 gen\u0173 variant\u0173 nustatymas leid\u017eia nustatyti, ar asmuo yra s\u0117kmingas sprinto ir j\u0117gos sporto \u0161akose (sprinto distancijos, metim\u0173 sportas, kult\u016brizmas ir t. t.), i\u0161tverm\u0117s sporto \u0161akose (b\u0117gimas, slidin\u0117jimas, irklavimas, triatlonas ir t. t.), ar yra vadinamasis universalus sportininkas.<\/p>\n","protected":false},"featured_media":5146,"template":"","meta":{"_acf_changed":false,"ocean_post_layout":"","ocean_both_sidebars_style":"","ocean_both_sidebars_content_width":0,"ocean_both_sidebars_sidebars_width":0,"ocean_sidebar":"0","ocean_second_sidebar":"0","ocean_disable_margins":"enable","ocean_add_body_class":"","ocean_shortcode_before_top_bar":"","ocean_shortcode_after_top_bar":"","ocean_shortcode_before_header":"","ocean_shortcode_after_header":"","ocean_has_shortcode":"","ocean_shortcode_after_title":"","ocean_shortcode_before_footer_widgets":"","ocean_shortcode_after_footer_widgets":"","ocean_shortcode_before_footer_bottom":"","ocean_shortcode_after_footer_bottom":"","ocean_display_top_bar":"default","ocean_display_header":"default","ocean_header_style":"","ocean_center_header_left_menu":"0","ocean_custom_header_template":"0","ocean_custom_logo":0,"ocean_custom_retina_logo":0,"ocean_custom_logo_max_width":0,"ocean_custom_logo_tablet_max_width":0,"ocean_custom_logo_mobile_max_width":0,"ocean_custom_logo_max_height":0,"ocean_custom_logo_tablet_max_height":0,"ocean_custom_logo_mobile_max_height":0,"ocean_header_custom_menu":"0","ocean_menu_typo_font_family":"0","ocean_menu_typo_font_subset":"","ocean_menu_typo_font_size":0,"ocean_menu_typo_font_size_tablet":0,"ocean_menu_typo_font_size_mobile":0,"ocean_menu_typo_font_size_unit":"px","ocean_menu_typo_font_weight":"","ocean_menu_typo_font_weight_tablet":"","ocean_menu_typo_font_weight_mobile":"","ocean_menu_typo_transform":"","ocean_menu_typo_transform_tablet":"","ocean_menu_typo_transform_mobile":"","ocean_menu_typo_line_height":0,"ocean_menu_typo_line_height_tablet":0,"ocean_menu_typo_line_height_mobile":0,"ocean_menu_typo_line_height_unit":"","ocean_menu_typo_spacing":0,"ocean_menu_typo_spacing_tablet":0,"ocean_menu_typo_spacing_mobile":0,"ocean_menu_typo_spacing_unit":"","ocean_menu_link_color":"","ocean_menu_link_color_hover":"","ocean_menu_link_color_active":"","ocean_menu_link_background":"","ocean_menu_link_hover_background":"","ocean_menu_link_active_background":"","ocean_menu_social_links_bg":"","ocean_menu_social_hover_links_bg":"","ocean_menu_social_links_color":"","ocean_menu_social_hover_links_color":"","ocean_disable_title":"default","ocean_disable_heading":"default","ocean_post_title":"","ocean_post_subheading":"","ocean_post_title_style":"","ocean_post_title_background_color":"","ocean_post_title_background":0,"ocean_post_title_bg_image_position":"","ocean_post_title_bg_image_attachment":"","ocean_post_title_bg_image_repeat":"","ocean_post_title_bg_image_size":"","ocean_post_title_height":0,"ocean_post_title_bg_overlay":0.5,"ocean_post_title_bg_overlay_color":"","ocean_disable_breadcrumbs":"default","ocean_breadcrumbs_color":"","ocean_breadcrumbs_separator_color":"","ocean_breadcrumbs_links_color":"","ocean_breadcrumbs_links_hover_color":"","ocean_display_footer_widgets":"default","ocean_display_footer_bottom":"default","ocean_custom_footer_template":"0"},"product_brand":[],"product_cat":[306],"product_tag":[],"class_list":{"0":"post-5711","1":"product","2":"type-product","3":"status-publish","4":"has-post-thumbnail","6":"product_cat-sportas","8":"entry","9":"has-media","11":"first","12":"instock","13":"taxable","14":"shipping-taxable","15":"purchasable","16":"product-type-simple","17":"has-product-nav","18":"col","19":"span_1_of_3","20":"owp-content-center","21":"owp-thumbs-layout-horizontal","22":"owp-btn-normal","23":"owp-tabs-layout-horizontal"},"acf":[],"aioseo_notices":[],"_links":{"self":[{"href":"https:\/\/dev.genorama.com\/lt\/wp-json\/wp\/v2\/product\/5711","targetHints":{"allow":["GET"]}}],"collection":[{"href":"https:\/\/dev.genorama.com\/lt\/wp-json\/wp\/v2\/product"}],"about":[{"href":"https:\/\/dev.genorama.com\/lt\/wp-json\/wp\/v2\/types\/product"}],"wp:featuredmedia":[{"embeddable":true,"href":"https:\/\/dev.genorama.com\/lt\/wp-json\/wp\/v2\/media\/5146"}],"wp:attachment":[{"href":"https:\/\/dev.genorama.com\/lt\/wp-json\/wp\/v2\/media?parent=5711"}],"wp:term":[{"taxonomy":"product_brand","embeddable":true,"href":"https:\/\/dev.genorama.com\/lt\/wp-json\/wp\/v2\/product_brand?post=5711"},{"taxonomy":"product_cat","embeddable":true,"href":"https:\/\/dev.genorama.com\/lt\/wp-json\/wp\/v2\/product_cat?post=5711"},{"taxonomy":"product_tag","embeddable":true,"href":"https:\/\/dev.genorama.com\/lt\/wp-json\/wp\/v2\/product_tag?post=5711"}],"curies":[{"name":"wp","href":"https:\/\/api.w.org\/{rel}","templated":true}]}}