{"id":5725,"date":"2020-03-13T08:31:47","date_gmt":"2020-03-13T08:31:47","guid":{"rendered":"https:\/\/genorama.com\/product\/miego-genetinis-tyrimas\/"},"modified":"2025-02-17T18:11:31","modified_gmt":"2025-02-17T16:11:31","slug":"miego-genetinis-tyrimas","status":"publish","type":"product","link":"https:\/\/dev.genorama.com\/lt\/product\/miego-genetinis-tyrimas\/","title":{"rendered":"Miego genetinis tyrimas"},"content":{"rendered":"<p style=\"text-align: center;\">D\u0117mes\u012f ir darbingum\u0105 skirtingu paros metu lemia chronotipas, kuris, kaip \u012frodyta, turi didel\u0119 genetin\u0119 reik\u0161m\u0119.<\/p>\n<p style=\"text-align: center;\">Kad organizmas veikt\u0173 optimaliai, i\u0161orin\u0117s aplinkos ir vidiniai organizmo signalai turi b\u016bti sinchronizuoti. Tam reikia nuolat prisitaikyti, o tai reikalauja papildom\u0173 organizmo pastang\u0173 ir energijos. Kra\u0161tutiniais atvejais biologinio ir socialinio laikrod\u017eio konfliktas gali tur\u0117ti \u012ftakos gyvenimo kokybei, nes \u012fprastomis darbo valandomis b\u016bna \u017eemas darbingumas, d\u0117l to tr\u016bksta miego. Tai savo ruo\u017etu gali sukelti perteklin\u012f maisto ir alkoholio vartojim\u0105, taip pat psichologines ir svorio problemas.<\/p>\n<p style=\"text-align: center;\"><strong>Miego genetinio tyrimo rezultatai rodo:<\/strong><\/p>\n<p style=\"text-align: center;\">Ar esate labiau link\u0119s \u012f rytin\u012f, ar \u012f vakarin\u012f (arba tarpin\u012f) miego tip\u0105;<br \/>\nKaip ilgalaikis budrumas veikia j\u016bs\u0173 raumen\u0173 veikl\u0105 ir i\u0161orin\u0117s aplinkos suvokim\u0105;<br \/>\nkaip gerai j\u016bs\u0173 organizmas atsistato gilaus miego metu;<br \/>\nAr turite rizik\u0105 susirgti DSPS*;<br \/>\nKaip j\u016bs\u0173 chronotipas veikia j\u016bs\u0173 valgymo \u012fpro\u010dius;<br \/>\nKoks yra j\u016bs\u0173 did\u017eiausio sportinio paj\u0117gumo laikas;<br \/>\nKaip j\u016bs\u0173 k\u016bnas reaguoja \u012f i\u0161orinius veiksnius, turin\u010dius \u012ftakos protiniams geb\u0117jimams.<\/p>\n<p style=\"text-align: center;\"><em>* U\u017edelstos miego faz\u0117s sindromas<\/em><\/p>\n<p style=\"text-align: center;\"><strong>Atlikimo laikas:<\/strong> 30 darbo dien\u0173<\/p>\n<p style=\"text-align: center;\"><strong>Reikalavimai m\u0117giniams:<\/strong> Bukalini\u0173 l\u0105steli\u0173 m\u0117ginys<\/p>\n","protected":false},"excerpt":{"rendered":"<p>\u201eSports Gene LLC\u201c sukurtas genetinis miego testas leid\u017eia palyginti nusistov\u0117jus\u012f dienos ritm\u0105 su vidiniu ritmu, atsirandan\u010diu d\u0117l genetini\u0173 polinki\u0173 (t. y. ar \u017emogus yra labiau link\u0119s \u012f vakarin\u012f, ar \u012f rytin\u012f ritm\u0105), ir jo poveik\u012f kognityviniams ir sportiniams rezultatams, valgymo \u012fpro\u010diams ir med\u017eiag\u0173 apykaitai.<\/p>\n","protected":false},"featured_media":5125,"template":"","meta":{"_acf_changed":false,"ocean_post_layout":"","ocean_both_sidebars_style":"","ocean_both_sidebars_content_width":0,"ocean_both_sidebars_sidebars_width":0,"ocean_sidebar":"0","ocean_second_sidebar":"0","ocean_disable_margins":"enable","ocean_add_body_class":"","ocean_shortcode_before_top_bar":"","ocean_shortcode_after_top_bar":"","ocean_shortcode_before_header":"","ocean_shortcode_after_header":"","ocean_has_shortcode":"","ocean_shortcode_after_title":"","ocean_shortcode_before_footer_widgets":"","ocean_shortcode_after_footer_widgets":"","ocean_shortcode_before_footer_bottom":"","ocean_shortcode_after_footer_bottom":"","ocean_display_top_bar":"default","ocean_display_header":"default","ocean_header_style":"","ocean_center_header_left_menu":"0","ocean_custom_header_template":"0","ocean_custom_logo":0,"ocean_custom_retina_logo":0,"ocean_custom_logo_max_width":0,"ocean_custom_logo_tablet_max_width":0,"ocean_custom_logo_mobile_max_width":0,"ocean_custom_logo_max_height":0,"ocean_custom_logo_tablet_max_height":0,"ocean_custom_logo_mobile_max_height":0,"ocean_header_custom_menu":"0","ocean_menu_typo_font_family":"0","ocean_menu_typo_font_subset":"","ocean_menu_typo_font_size":0,"ocean_menu_typo_font_size_tablet":0,"ocean_menu_typo_font_size_mobile":0,"ocean_menu_typo_font_size_unit":"px","ocean_menu_typo_font_weight":"","ocean_menu_typo_font_weight_tablet":"","ocean_menu_typo_font_weight_mobile":"","ocean_menu_typo_transform":"","ocean_menu_typo_transform_tablet":"","ocean_menu_typo_transform_mobile":"","ocean_menu_typo_line_height":0,"ocean_menu_typo_line_height_tablet":0,"ocean_menu_typo_line_height_mobile":0,"ocean_menu_typo_line_height_unit":"","ocean_menu_typo_spacing":0,"ocean_menu_typo_spacing_tablet":0,"ocean_menu_typo_spacing_mobile":0,"ocean_menu_typo_spacing_unit":"","ocean_menu_link_color":"","ocean_menu_link_color_hover":"","ocean_menu_link_color_active":"","ocean_menu_link_background":"","ocean_menu_link_hover_background":"","ocean_menu_link_active_background":"","ocean_menu_social_links_bg":"","ocean_menu_social_hover_links_bg":"","ocean_menu_social_links_color":"","ocean_menu_social_hover_links_color":"","ocean_disable_title":"default","ocean_disable_heading":"default","ocean_post_title":"","ocean_post_subheading":"","ocean_post_title_style":"","ocean_post_title_background_color":"","ocean_post_title_background":0,"ocean_post_title_bg_image_position":"","ocean_post_title_bg_image_attachment":"","ocean_post_title_bg_image_repeat":"","ocean_post_title_bg_image_size":"","ocean_post_title_height":0,"ocean_post_title_bg_overlay":0.5,"ocean_post_title_bg_overlay_color":"","ocean_disable_breadcrumbs":"default","ocean_breadcrumbs_color":"","ocean_breadcrumbs_separator_color":"","ocean_breadcrumbs_links_color":"","ocean_breadcrumbs_links_hover_color":"","ocean_display_footer_widgets":"default","ocean_display_footer_bottom":"default","ocean_custom_footer_template":"0"},"product_brand":[],"product_cat":[298],"product_tag":[],"class_list":{"0":"post-5725","1":"product","2":"type-product","3":"status-publish","4":"has-post-thumbnail","6":"product_cat-sveikata","8":"entry","9":"has-media","11":"first","12":"instock","13":"taxable","14":"shipping-taxable","15":"purchasable","16":"product-type-simple","17":"has-product-nav","18":"col","19":"span_1_of_3","20":"owp-content-center","21":"owp-thumbs-layout-horizontal","22":"owp-btn-normal","23":"owp-tabs-layout-horizontal"},"acf":[],"aioseo_notices":[],"_links":{"self":[{"href":"https:\/\/dev.genorama.com\/lt\/wp-json\/wp\/v2\/product\/5725","targetHints":{"allow":["GET"]}}],"collection":[{"href":"https:\/\/dev.genorama.com\/lt\/wp-json\/wp\/v2\/product"}],"about":[{"href":"https:\/\/dev.genorama.com\/lt\/wp-json\/wp\/v2\/types\/product"}],"wp:featuredmedia":[{"embeddable":true,"href":"https:\/\/dev.genorama.com\/lt\/wp-json\/wp\/v2\/media\/5125"}],"wp:attachment":[{"href":"https:\/\/dev.genorama.com\/lt\/wp-json\/wp\/v2\/media?parent=5725"}],"wp:term":[{"taxonomy":"product_brand","embeddable":true,"href":"https:\/\/dev.genorama.com\/lt\/wp-json\/wp\/v2\/product_brand?post=5725"},{"taxonomy":"product_cat","embeddable":true,"href":"https:\/\/dev.genorama.com\/lt\/wp-json\/wp\/v2\/product_cat?post=5725"},{"taxonomy":"product_tag","embeddable":true,"href":"https:\/\/dev.genorama.com\/lt\/wp-json\/wp\/v2\/product_tag?post=5725"}],"curies":[{"name":"wp","href":"https:\/\/api.w.org\/{rel}","templated":true}]}}