{"id":5814,"date":"2019-02-27T11:21:33","date_gmt":"2019-02-27T11:21:33","guid":{"rendered":"https:\/\/genorama.com\/product\/gutwell-mikrobiomo-testas\/"},"modified":"2025-02-17T18:13:46","modified_gmt":"2025-02-17T16:13:46","slug":"gutwell-mikrobiomo-testas","status":"publish","type":"product","link":"https:\/\/dev.genorama.com\/lt\/product\/gutwell-mikrobiomo-testas\/","title":{"rendered":"GutWell<sup>\u00ae<\/sup> mikrobiomo testas"},"content":{"rendered":"<h3 style=\"text-align: center;\">GutWell<sup>\u00ae<\/sup> &#8211; tai mikrobiomo testas, skirtas individualiai su\u017einoti apie \u017earnyne gyvenan\u010dias bakterijas ir j\u0173 \u012ftak\u0105 j\u016bs\u0173 bendrai savijautai.<\/h3>\n<p style=\"text-align: center;\"><strong>2024 m. GutWell<sup>\u00ae<\/sup> buvo i\u0161 esm\u0117s atnaujintas, tod\u0117l jis tapo tiksliausiu ir pa\u017eangiausiu turimu \u017earnyno mikrobiomo testu. Remdamasis naujausiais ir aktualiausiais moksliniais atradimais, jis yra vienintelis rinkoje esantis testas, kuris taip i\u0161samiai pateikia \u012f\u017evalgas apie j\u016bs\u0173 \u017earnyne gyvenan\u010dias bakterijas ir j\u0173 lemiam\u0105 vaidmen\u012f j\u016bs\u0173 bendrai savijautai.<\/strong><\/p>\n<h3 style=\"text-align: center;\">Kod\u0117l verta pasitikrinti \u017earnyno mikrobiom\u0105?<\/h3>\n<p style=\"text-align: center;\">J\u016bs\u0173 \u017earnyne gyvena trilijonai mikroorganizm\u0173, kuri\u0173 yra tiek pat, kiek ir j\u016bs\u0173 paties l\u0105steli\u0173. \u0160i bendruomen\u0117, vadinama \u017earnyno mikrobiomu, atlieka lemiam\u0105 vaidmen\u012f:<\/p>\n<p style=\"text-align: center;\"><img decoding=\"async\" class=\"wp-image-5774 aligncenter\" src=\"https:\/\/genorama.com\/wp-content\/uploads\/2019\/02\/Genorama-testikirjelduste-ikoonid.png\" alt=\"\" width=\"48\" height=\"48\" srcset=\"https:\/\/dev.genorama.com\/wp-content\/uploads\/2019\/02\/Genorama-testikirjelduste-ikoonid.png 150w, https:\/\/dev.genorama.com\/wp-content\/uploads\/2019\/02\/Genorama-testikirjelduste-ikoonid-100x100.png 100w\" sizes=\"(max-width: 48px) 100vw, 48px\" \/><\/p>\n<p style=\"text-align: center;\"><strong>Palaikyti bendr\u0105 sveikat\u0105<\/strong><\/p>\n<p style=\"text-align: center;\"><strong><img decoding=\"async\" class=\"wp-image-5781 aligncenter\" src=\"https:\/\/genorama.com\/wp-content\/uploads\/2019\/02\/Genorama-testikirjelduste-ikoonid-1.png\" alt=\"\" width=\"43\" height=\"43\" srcset=\"https:\/\/dev.genorama.com\/wp-content\/uploads\/2019\/02\/Genorama-testikirjelduste-ikoonid-1.png 150w, https:\/\/dev.genorama.com\/wp-content\/uploads\/2019\/02\/Genorama-testikirjelduste-ikoonid-1-100x100.png 100w\" sizes=\"(max-width: 43px) 100vw, 43px\" \/><\/strong><\/p>\n<p style=\"text-align: center;\"><strong>Reguliuojant vir\u0161kinim\u0105<\/strong><\/p>\n<p style=\"text-align: center;\"><strong><img decoding=\"async\" class=\"wp-image-5788 aligncenter\" src=\"https:\/\/genorama.com\/wp-content\/uploads\/2019\/02\/Genorama-testikirjelduste-ikoonid-2.png\" alt=\"\" width=\"42\" height=\"42\" srcset=\"https:\/\/dev.genorama.com\/wp-content\/uploads\/2019\/02\/Genorama-testikirjelduste-ikoonid-2.png 150w, https:\/\/dev.genorama.com\/wp-content\/uploads\/2019\/02\/Genorama-testikirjelduste-ikoonid-2-100x100.png 100w\" sizes=\"(max-width: 42px) 100vw, 42px\" \/><\/strong><\/p>\n<p style=\"text-align: center;\"><strong>Palaikyti imunin\u0119 funkcij\u0105<\/strong><\/p>\n<p style=\"text-align: center;\"><strong><img loading=\"lazy\" decoding=\"async\" class=\"wp-image-5795 aligncenter\" src=\"https:\/\/genorama.com\/wp-content\/uploads\/2019\/02\/Genorama-testikirjelduste-ikoonid-3.png\" alt=\"\" width=\"59\" height=\"59\" srcset=\"https:\/\/dev.genorama.com\/wp-content\/uploads\/2019\/02\/Genorama-testikirjelduste-ikoonid-3.png 150w, https:\/\/dev.genorama.com\/wp-content\/uploads\/2019\/02\/Genorama-testikirjelduste-ikoonid-3-100x100.png 100w\" sizes=\"(max-width: 59px) 100vw, 59px\" \/><\/strong><\/p>\n<p style=\"text-align: center;\"><strong>Siekiant sveiko svorio<\/strong><\/p>\n<p style=\"text-align: center;\">\u017darnyno bakterij\u0173 pusiausvyros sutrikimas gali lemti tokias sveikatos problemas kaip nutukimas, vir\u0161kinimo sutrikimai ir II tipo diabetas. GutWell padeda suprasti savo mikrobiom\u0105 ir padeda sudaryti j\u016bs\u0173 poreikius atitinkan\u010di\u0105 mityb\u0105, kad \u017earnynas b\u016bt\u0173 sveikesnis ir labiau subalansuotas.<\/p>\n<hr \/>\n<h3 style=\"text-align: center;\">K\u0105 su\u017einosite su GutWell<sup>\u00ae<\/sup><\/h3>\n<p style=\"text-align: center;\">Kokios bakterijos gyvena j\u016bs\u0173 \u017earnyne?<br \/>\nKaip \u017earnyno bakterijos veikia j\u016bs\u0173 k\u016bn\u0105 ir sveikat\u0105.<br \/>\nAr turite pakankamai nauding\u0173 bakterij\u0173?<br \/>\nAr yra kenksming\u0173 bakterij\u0173?<br \/>\nAr j\u016bs\u0173 \u017earnyno mikrobiomas skatina svorio augim\u0105 arba nutukim\u0105?<br \/>\nAr j\u016bs\u0173 mityba suderinta su j\u016bs\u0173 mikrobiomu, ar reikia k\u0105 nors keisti?<br \/>\nKaip pasiekti subalansuot\u0105 mikrobiom\u0105, kad sveikata b\u016bt\u0173 optimali.<\/p>\n<hr \/>\n<h3 style=\"text-align: center;\">Rekomenduojamas testavimo planas<\/h3>\n<p style=\"text-align: center;\">Nor\u0117dami gauti geriausius rezultatus, u\u017esisakykite bent du testus:<\/p>\n<ol style=\"text-align: center;\">\n<li><strong>Pirmasis testas<\/strong> &#8211; nustatomas bazinis mikrobiomo profilis.<\/li>\n<li><strong>Antrasis tyrimas<\/strong> &#8211; \u012fvertinti poky\u010dius po mitybos ir gyvenimo b\u016bdo korekcij\u0173 (po 2-4 m\u0117nesi\u0173, bet ne v\u0117liau kaip po 6 m\u0117nesi\u0173).<\/li>\n<\/ol>\n<hr \/>\n<h3 style=\"text-align: center;\">Lengvas testavimas namuose<\/h3>\n<p style=\"text-align: center;\"><img loading=\"lazy\" decoding=\"async\" class=\"wp-image-5357 aligncenter\" src=\"https:\/\/genorama.com\/wp-content\/uploads\/2017\/04\/Nimetu-kujundus-33.png\" alt=\"\" width=\"57\" height=\"57\" srcset=\"https:\/\/dev.genorama.com\/wp-content\/uploads\/2017\/04\/Nimetu-kujundus-33.png 150w, https:\/\/dev.genorama.com\/wp-content\/uploads\/2017\/04\/Nimetu-kujundus-33-100x100.png 100w\" sizes=\"(max-width: 57px) 100vw, 57px\" \/><\/p>\n<p style=\"text-align: center;\">Tyrimas yra paprastas ir patogus. Surinkite i\u0161mat\u0173 m\u0117gin\u012f patogiai \u012fsitais\u0119 namuose ir nusi\u0173skite j\u012f \u012f m\u016bs\u0173 laboratorij\u0105 i\u0161tirti.<\/p>\n<p style=\"text-align: center;\"><strong>Atlikimo laikas:<\/strong> 15-20 darbo dien\u0173.<\/p>\n<p style=\"text-align: center;\"><strong>Galimos rezultat\u0173 kalbos:<\/strong>\u00a0angl\u0173, est\u0173, rus\u0173 (nurodykite pageidaujam\u0105 variant\u0105 u\u017esakymo metu).<\/p>\n<hr \/>\n<h4 style=\"text-align: center;\">Kod\u0117l verta rinktis GutWell<sup>\u00ae<\/sup>?<\/h4>\n<p style=\"text-align: center;\">Asmenin\u0117s \u012f\u017evalgos apie j\u016bs\u0173 \u017earnyno sveikat\u0105.<br \/>\nEkspert\u0173 patarimai, kaip pagerinti mityb\u0105 ir gyvenimo b\u016bd\u0105.<br \/>\nAktyvus po\u017ei\u016bris \u012f lig\u0173 ir sveikatos problem\u0173 prevencij\u0105.<\/p>\n<p>&nbsp;<\/p>\n","protected":false},"excerpt":{"rendered":"<p>GutWell<sup>\u00ae<\/sup> mikrobiomo testas suteikia informacijos apie \u017earnyno bakterij\u0173 gaus\u0105 ir rekomendacijas, kaip pasiekti arba palaikyti subalansuot\u0105 mikrob\u0173 bendrij\u0105.<\/p>\n<p>GutWell<sup>\u00ae<\/sup> testas naudingas visiems, kurie siekia numesti svorio, laikosi grie\u017etos dietos ar turi vir\u0161kinimo problem\u0173, taip pat tiems, kurie nori su\u017einoti, ar sveikai ir \u012fvairiai maitinasi. Testas padeda formuoti s\u0105moning\u0105 mityb\u0105 ir u\u017ekirsti keli\u0105 ligoms bei sveikatos sutrikimams.<\/p>\n","protected":false},"featured_media":5094,"template":"","meta":{"_acf_changed":false,"ocean_post_layout":"","ocean_both_sidebars_style":"","ocean_both_sidebars_content_width":0,"ocean_both_sidebars_sidebars_width":0,"ocean_sidebar":"0","ocean_second_sidebar":"0","ocean_disable_margins":"enable","ocean_add_body_class":"","ocean_shortcode_before_top_bar":"","ocean_shortcode_after_top_bar":"","ocean_shortcode_before_header":"","ocean_shortcode_after_header":"","ocean_has_shortcode":"","ocean_shortcode_after_title":"","ocean_shortcode_before_footer_widgets":"","ocean_shortcode_after_footer_widgets":"","ocean_shortcode_before_footer_bottom":"","ocean_shortcode_after_footer_bottom":"","ocean_display_top_bar":"default","ocean_display_header":"default","ocean_header_style":"","ocean_center_header_left_menu":"0","ocean_custom_header_template":"0","ocean_custom_logo":0,"ocean_custom_retina_logo":0,"ocean_custom_logo_max_width":0,"ocean_custom_logo_tablet_max_width":0,"ocean_custom_logo_mobile_max_width":0,"ocean_custom_logo_max_height":0,"ocean_custom_logo_tablet_max_height":0,"ocean_custom_logo_mobile_max_height":0,"ocean_header_custom_menu":"0","ocean_menu_typo_font_family":"0","ocean_menu_typo_font_subset":"","ocean_menu_typo_font_size":0,"ocean_menu_typo_font_size_tablet":0,"ocean_menu_typo_font_size_mobile":0,"ocean_menu_typo_font_size_unit":"px","ocean_menu_typo_font_weight":"","ocean_menu_typo_font_weight_tablet":"","ocean_menu_typo_font_weight_mobile":"","ocean_menu_typo_transform":"","ocean_menu_typo_transform_tablet":"","ocean_menu_typo_transform_mobile":"","ocean_menu_typo_line_height":0,"ocean_menu_typo_line_height_tablet":0,"ocean_menu_typo_line_height_mobile":0,"ocean_menu_typo_line_height_unit":"","ocean_menu_typo_spacing":0,"ocean_menu_typo_spacing_tablet":0,"ocean_menu_typo_spacing_mobile":0,"ocean_menu_typo_spacing_unit":"","ocean_menu_link_color":"","ocean_menu_link_color_hover":"","ocean_menu_link_color_active":"","ocean_menu_link_background":"","ocean_menu_link_hover_background":"","ocean_menu_link_active_background":"","ocean_menu_social_links_bg":"","ocean_menu_social_hover_links_bg":"","ocean_menu_social_links_color":"","ocean_menu_social_hover_links_color":"","ocean_disable_title":"default","ocean_disable_heading":"default","ocean_post_title":"","ocean_post_subheading":"","ocean_post_title_style":"","ocean_post_title_background_color":"","ocean_post_title_background":0,"ocean_post_title_bg_image_position":"","ocean_post_title_bg_image_attachment":"","ocean_post_title_bg_image_repeat":"","ocean_post_title_bg_image_size":"","ocean_post_title_height":0,"ocean_post_title_bg_overlay":0.5,"ocean_post_title_bg_overlay_color":"","ocean_disable_breadcrumbs":"default","ocean_breadcrumbs_color":"","ocean_breadcrumbs_separator_color":"","ocean_breadcrumbs_links_color":"","ocean_breadcrumbs_links_hover_color":"","ocean_display_footer_widgets":"default","ocean_display_footer_bottom":"default","ocean_custom_footer_template":"0"},"product_brand":[],"product_cat":[302],"product_tag":[334,336,335],"class_list":{"0":"post-5814","1":"product","2":"type-product","3":"status-publish","4":"has-post-thumbnail","6":"product_cat-mityba","7":"product_tag-mikrobiomas","8":"product_tag-mikrobiota-lt","9":"product_tag-zarnyno-mikrobiomas","11":"entry","12":"has-media","14":"first","15":"instock","16":"sale","17":"sold-individually","18":"taxable","19":"shipping-taxable","20":"purchasable","21":"product-type-variable","22":"has-default-attributes","23":"has-product-nav","24":"col","25":"span_1_of_3","26":"owp-content-center","27":"owp-thumbs-layout-horizontal","28":"owp-btn-normal","29":"owp-tabs-layout-horizontal"},"acf":[],"aioseo_notices":[],"_links":{"self":[{"href":"https:\/\/dev.genorama.com\/lt\/wp-json\/wp\/v2\/product\/5814","targetHints":{"allow":["GET"]}}],"collection":[{"href":"https:\/\/dev.genorama.com\/lt\/wp-json\/wp\/v2\/product"}],"about":[{"href":"https:\/\/dev.genorama.com\/lt\/wp-json\/wp\/v2\/types\/product"}],"wp:featuredmedia":[{"embeddable":true,"href":"https:\/\/dev.genorama.com\/lt\/wp-json\/wp\/v2\/media\/5094"}],"wp:attachment":[{"href":"https:\/\/dev.genorama.com\/lt\/wp-json\/wp\/v2\/media?parent=5814"}],"wp:term":[{"taxonomy":"product_brand","embeddable":true,"href":"https:\/\/dev.genorama.com\/lt\/wp-json\/wp\/v2\/product_brand?post=5814"},{"taxonomy":"product_cat","embeddable":true,"href":"https:\/\/dev.genorama.com\/lt\/wp-json\/wp\/v2\/product_cat?post=5814"},{"taxonomy":"product_tag","embeddable":true,"href":"https:\/\/dev.genorama.com\/lt\/wp-json\/wp\/v2\/product_tag?post=5814"}],"curies":[{"name":"wp","href":"https:\/\/api.w.org\/{rel}","templated":true}]}}