{"id":6011,"date":"2025-02-04T15:50:54","date_gmt":"2025-02-04T13:50:54","guid":{"rendered":"https:\/\/genorama.com\/product\/genetinis-svorio-valdymo-testas\/"},"modified":"2025-02-17T18:06:13","modified_gmt":"2025-02-17T16:06:13","slug":"genetinis-svorio-valdymo-testas","status":"publish","type":"product","link":"https:\/\/dev.genorama.com\/lt\/product\/genetinis-svorio-valdymo-testas\/","title":{"rendered":"Genetinis svorio valdymo testas"},"content":{"rendered":"<p>Atliekant genetin\u012f svorio valdymo test\u0105 nustatomi a\u0161tuoni SNP septyniuose genuose.<\/p>\n<p>Genetin\u0117s savyb\u0117s lemia individuali\u0105 rizik\u0105 priaugti vir\u0161svorio veikiant nepalankiai aplinkai (pvz., persivalgymas, nepakankamas fizinis aktyvumas) ir organizmo reakcij\u0105 \u012f liekn\u0117jimo diet\u0105 bei fizines pastangas. Informacija, gauta i\u0161 genetinio tyrimo rezultat\u0173, naudinga ir tiems, kurie nori numesti svorio, ir tiems, kurie dar n\u0117ra susid\u016br\u0119 su svorio ar sveikatos problemomis. \u017dinojimas apie savo rizik\u0105 ir polinkius palengvina priimti teisingus gyvenimo sprendimus.<\/p>\n<p>Viename gene gali b\u016bti neutrali\u0173 ir rizikos aleli\u0173. Keli genai su rizikos aleliais padidina tam tikros rizikos pasirei\u0161kimo tikimyb\u0119, ypa\u010d jei jie yra susij\u0119 su s\u0117sliu gyvenimo b\u016bdu ir teigiamu energijos balansu (suvartojamo maisto kiekis vir\u0161ija suvartojamos energijos kiek\u012f).<\/p>\n<p>Remdamiesi genetinio svorio reguliavimo tyrimo rezultatais, galite su\u017einoti:<\/p>\n<ul>\n<li>genetin\u0117s nutukimo rizikos buvim\u0105;<\/li>\n<li>antsvorio atsiradimo rizikos mast\u0105;<\/li>\n<li>tikimyb\u0119 susirgti 2 tipo cukriniu diabetu, jei turite antsvorio;<\/li>\n<li>ankstyvo ar v\u0117lyvo sotumo pasirei\u0161kimo;<\/li>\n<li>su maistu gaunam\u0173 riebal\u0173 ir angliavandeni\u0173 apykait\u0105;<\/li>\n<li>riebal\u0173 \u012fsisavinimo greit\u012f (greitas ar l\u0117tas);<\/li>\n<li>tikimyb\u0117 priaugti antsvorio d\u0117l padid\u0117jusio angliavandeni\u0173 vartojimo;<\/li>\n<li>riebal\u0173 deginimo efektyvum\u0105 sportuojant;<\/li>\n<li>fizinio aktyvumo poveik\u012f k\u016bno svoriui.<\/li>\n<\/ul>\n<p>Atlikti genetin\u012f svorio reguliavimo test\u0105 labai paprasta! Prad\u0117kite nuo DNR m\u0117ginio pa\u0117mimo. Tam tikslui steriliu vatos tamponu patrinkite vidin\u0119 skruosto pus\u0119, leiskite jai i\u0161d\u017ei\u016bti ir atsi\u0173skite m\u0117gin\u012f mums pa\u0161tu. Rezultatus gausite per 30 dien\u0173.<\/p>\n<p>Per\u017ei\u016br\u0117kite m\u016bs\u0173 m\u0117ginio pa\u0117mimo instrukcij\u0173 vaizdo \u012fra\u0161\u0105.<\/p>\n","protected":false},"excerpt":{"rendered":"<p>Atliekant genetin\u012f svorio valdymo test\u0105 analizuojami genai parodo, ar turite \u012fgimt\u0105 polink\u012f \u012f nutukim\u0105, kaip j\u016bs\u0173 organizme vyksta riebal\u0173 ir angliavandeni\u0173 apykaita ir kaip fizinio aktyvumo lygis veikia j\u016bs\u0173 svor\u012f.<\/p>\n","protected":false},"featured_media":5132,"template":"","meta":{"_acf_changed":false,"ocean_post_layout":"","ocean_both_sidebars_style":"","ocean_both_sidebars_content_width":0,"ocean_both_sidebars_sidebars_width":0,"ocean_sidebar":"0","ocean_second_sidebar":"0","ocean_disable_margins":"enable","ocean_add_body_class":"","ocean_shortcode_before_top_bar":"","ocean_shortcode_after_top_bar":"","ocean_shortcode_before_header":"","ocean_shortcode_after_header":"","ocean_has_shortcode":"","ocean_shortcode_after_title":"","ocean_shortcode_before_footer_widgets":"","ocean_shortcode_after_footer_widgets":"","ocean_shortcode_before_footer_bottom":"","ocean_shortcode_after_footer_bottom":"","ocean_display_top_bar":"default","ocean_display_header":"default","ocean_header_style":"","ocean_center_header_left_menu":"0","ocean_custom_header_template":"0","ocean_custom_logo":0,"ocean_custom_retina_logo":0,"ocean_custom_logo_max_width":0,"ocean_custom_logo_tablet_max_width":0,"ocean_custom_logo_mobile_max_width":0,"ocean_custom_logo_max_height":0,"ocean_custom_logo_tablet_max_height":0,"ocean_custom_logo_mobile_max_height":0,"ocean_header_custom_menu":"0","ocean_menu_typo_font_family":"0","ocean_menu_typo_font_subset":"","ocean_menu_typo_font_size":0,"ocean_menu_typo_font_size_tablet":0,"ocean_menu_typo_font_size_mobile":0,"ocean_menu_typo_font_size_unit":"px","ocean_menu_typo_font_weight":"","ocean_menu_typo_font_weight_tablet":"","ocean_menu_typo_font_weight_mobile":"","ocean_menu_typo_transform":"","ocean_menu_typo_transform_tablet":"","ocean_menu_typo_transform_mobile":"","ocean_menu_typo_line_height":0,"ocean_menu_typo_line_height_tablet":0,"ocean_menu_typo_line_height_mobile":0,"ocean_menu_typo_line_height_unit":"","ocean_menu_typo_spacing":0,"ocean_menu_typo_spacing_tablet":0,"ocean_menu_typo_spacing_mobile":0,"ocean_menu_typo_spacing_unit":"","ocean_menu_link_color":"","ocean_menu_link_color_hover":"","ocean_menu_link_color_active":"","ocean_menu_link_background":"","ocean_menu_link_hover_background":"","ocean_menu_link_active_background":"","ocean_menu_social_links_bg":"","ocean_menu_social_hover_links_bg":"","ocean_menu_social_links_color":"","ocean_menu_social_hover_links_color":"","ocean_disable_title":"default","ocean_disable_heading":"default","ocean_post_title":"","ocean_post_subheading":"","ocean_post_title_style":"","ocean_post_title_background_color":"","ocean_post_title_background":0,"ocean_post_title_bg_image_position":"","ocean_post_title_bg_image_attachment":"","ocean_post_title_bg_image_repeat":"","ocean_post_title_bg_image_size":"","ocean_post_title_height":0,"ocean_post_title_bg_overlay":0.5,"ocean_post_title_bg_overlay_color":"","ocean_disable_breadcrumbs":"default","ocean_breadcrumbs_color":"","ocean_breadcrumbs_separator_color":"","ocean_breadcrumbs_links_color":"","ocean_breadcrumbs_links_hover_color":"","ocean_display_footer_widgets":"default","ocean_display_footer_bottom":"default","ocean_custom_footer_template":"0"},"product_brand":[],"product_cat":[302],"product_tag":[],"class_list":{"0":"post-6011","1":"product","2":"type-product","3":"status-publish","4":"has-post-thumbnail","6":"product_cat-mityba","8":"entry","9":"has-media","11":"first","12":"instock","13":"taxable","14":"shipping-taxable","15":"purchasable","16":"product-type-simple","17":"has-product-nav","18":"col","19":"span_1_of_3","20":"owp-content-center","21":"owp-thumbs-layout-horizontal","22":"owp-btn-normal","23":"owp-tabs-layout-horizontal"},"acf":[],"aioseo_notices":[],"_links":{"self":[{"href":"https:\/\/dev.genorama.com\/lt\/wp-json\/wp\/v2\/product\/6011","targetHints":{"allow":["GET"]}}],"collection":[{"href":"https:\/\/dev.genorama.com\/lt\/wp-json\/wp\/v2\/product"}],"about":[{"href":"https:\/\/dev.genorama.com\/lt\/wp-json\/wp\/v2\/types\/product"}],"wp:featuredmedia":[{"embeddable":true,"href":"https:\/\/dev.genorama.com\/lt\/wp-json\/wp\/v2\/media\/5132"}],"wp:attachment":[{"href":"https:\/\/dev.genorama.com\/lt\/wp-json\/wp\/v2\/media?parent=6011"}],"wp:term":[{"taxonomy":"product_brand","embeddable":true,"href":"https:\/\/dev.genorama.com\/lt\/wp-json\/wp\/v2\/product_brand?post=6011"},{"taxonomy":"product_cat","embeddable":true,"href":"https:\/\/dev.genorama.com\/lt\/wp-json\/wp\/v2\/product_cat?post=6011"},{"taxonomy":"product_tag","embeddable":true,"href":"https:\/\/dev.genorama.com\/lt\/wp-json\/wp\/v2\/product_tag?post=6011"}],"curies":[{"name":"wp","href":"https:\/\/api.w.org\/{rel}","templated":true}]}}