{"id":5710,"date":"2017-04-27T09:04:19","date_gmt":"2017-04-27T09:04:19","guid":{"rendered":"https:\/\/genorama.com\/product\/atletiskas-veiktspejas-tests\/"},"modified":"2025-02-17T18:17:14","modified_gmt":"2025-02-17T16:17:14","slug":"atletiskas-veiktspejas-tests","status":"publish","type":"product","link":"https:\/\/dev.genorama.com\/lv\/product\/atletiskas-veiktspejas-tests\/","title":{"rendered":"Atl\u0113tisk\u0101s veiktsp\u0113jas tests"},"content":{"rendered":"<p style=\"text-align: center;\">Uzziniet, k\u0101 j\u016bsu DNS ietekm\u0113 j\u016bsu sportiskos rezult\u0101tus. M\u016bsu specializ\u0113tais \u0123en\u0113tiskais tests ir paredz\u0113ts sporta entuziastiem, kuri v\u0113las izprast savas dabisk\u0101s tieksmes attiec\u012bb\u0101 uz sp\u0113ku, \u0101trumu un iztur\u012bbu. Analiz\u0113jot divus galvenos ar sportisko sniegumu saist\u012btos g\u0113nus &#8211; ACE un ACTN3, \u0161is tests sniedz nenov\u0113rt\u0113jamu ieskatu j\u016bsu \u0137erme\u0146a potenci\u0101l\u0101:<\/p>\n<p style=\"text-align: center;\"><strong>ACE:<\/strong> ietekm\u0113 sirds un asinsvadu sist\u0113mas efektivit\u0101ti un organisma sp\u0113ju piel\u0101goties fiziskiem p\u0101rbaud\u012bjumiem.<br \/>\n<strong>ACTN3:<\/strong> regul\u0113 musku\u013cu veiktsp\u0113ju un jaudu.<\/p>\n<p style=\"text-align: center;\"><strong>Ko j\u016bs atkl\u0101siet?<\/strong><br \/>\n\u0122en\u0113tikai ir liela noz\u012bme sportiskaj\u0101 sniegum\u0101, ta\u010du pan\u0101kumus nosaka ar\u012b t\u0101di faktori k\u0101 uzturs, treni\u0146i un dom\u0101\u0161anas veids. Zinot savas \u0123en\u0113tiski stipr\u0101s puses, varat izv\u0113l\u0113ties sporta veidus un treni\u0146u metodes, kas vislab\u0101k atbilst j\u016bsu dabiskaj\u0101m sp\u0113j\u0101m, t\u0101d\u0113j\u0101di ieg\u016bstot konkurences priek\u0161roc\u012bbas. Neatkar\u012bgi no t\u0101, vai j\u016bs tiecaties sasniegt maksim\u0101lu sniegumu vai apg\u016bstat jaunu fitnesa ce\u013cu, \u0161is tests sniegs jums zin\u0101\u0161anas, lai maksim\u0101li izmantotu savu potenci\u0101lu.<\/p>\n<p style=\"text-align: center;\"><strong>S\u012bk\u0101ka inform\u0101cija par testu:<\/strong><\/p>\n<p style=\"text-align: center;\"><strong>Apstr\u0101des laiks:<\/strong> Rezult\u0101ti tikai 10 darba dienu laik\u0101.<br \/>\n<strong>Paraugu \u0146em\u0161ana:<\/strong> Viegla un nes\u0101p\u012bga buka \u0161\u016bnu (vaigu uztriepes) paraugu \u0146em\u0161ana.<\/p>\n","protected":false},"excerpt":{"rendered":"<p>Tests nosaka divus g\u0113nus ACE un ACTN3, kas saist\u012bti ar sportisko sniegumu. ACE un ACTN3 g\u0113nu variantu noteik\u0161ana \u013cauj noteikt, vai indiv\u012bds ir veiksm\u012bgs sprinta un sp\u0113ka sporta veidos (sprinta distances, \u0161\u0137\u0113pme\u0161anas un me\u0161anas sports, bodibildings u. c.), iztur\u012bbas sporta veidos (skrie\u0161ana, sl\u0113po\u0161ana, air\u0113\u0161ana, triatlons u. c.), vai ar\u012b ir t\u0101 sauktais univers\u0101lais sportists.<\/p>\n","protected":false},"featured_media":5145,"template":"","meta":{"_acf_changed":false,"ocean_post_layout":"","ocean_both_sidebars_style":"","ocean_both_sidebars_content_width":0,"ocean_both_sidebars_sidebars_width":0,"ocean_sidebar":"0","ocean_second_sidebar":"0","ocean_disable_margins":"enable","ocean_add_body_class":"","ocean_shortcode_before_top_bar":"","ocean_shortcode_after_top_bar":"","ocean_shortcode_before_header":"","ocean_shortcode_after_header":"","ocean_has_shortcode":"","ocean_shortcode_after_title":"","ocean_shortcode_before_footer_widgets":"","ocean_shortcode_after_footer_widgets":"","ocean_shortcode_before_footer_bottom":"","ocean_shortcode_after_footer_bottom":"","ocean_display_top_bar":"default","ocean_display_header":"default","ocean_header_style":"","ocean_center_header_left_menu":"0","ocean_custom_header_template":"0","ocean_custom_logo":0,"ocean_custom_retina_logo":0,"ocean_custom_logo_max_width":0,"ocean_custom_logo_tablet_max_width":0,"ocean_custom_logo_mobile_max_width":0,"ocean_custom_logo_max_height":0,"ocean_custom_logo_tablet_max_height":0,"ocean_custom_logo_mobile_max_height":0,"ocean_header_custom_menu":"0","ocean_menu_typo_font_family":"0","ocean_menu_typo_font_subset":"","ocean_menu_typo_font_size":0,"ocean_menu_typo_font_size_tablet":0,"ocean_menu_typo_font_size_mobile":0,"ocean_menu_typo_font_size_unit":"px","ocean_menu_typo_font_weight":"","ocean_menu_typo_font_weight_tablet":"","ocean_menu_typo_font_weight_mobile":"","ocean_menu_typo_transform":"","ocean_menu_typo_transform_tablet":"","ocean_menu_typo_transform_mobile":"","ocean_menu_typo_line_height":0,"ocean_menu_typo_line_height_tablet":0,"ocean_menu_typo_line_height_mobile":0,"ocean_menu_typo_line_height_unit":"","ocean_menu_typo_spacing":0,"ocean_menu_typo_spacing_tablet":0,"ocean_menu_typo_spacing_mobile":0,"ocean_menu_typo_spacing_unit":"","ocean_menu_link_color":"","ocean_menu_link_color_hover":"","ocean_menu_link_color_active":"","ocean_menu_link_background":"","ocean_menu_link_hover_background":"","ocean_menu_link_active_background":"","ocean_menu_social_links_bg":"","ocean_menu_social_hover_links_bg":"","ocean_menu_social_links_color":"","ocean_menu_social_hover_links_color":"","ocean_disable_title":"default","ocean_disable_heading":"default","ocean_post_title":"","ocean_post_subheading":"","ocean_post_title_style":"","ocean_post_title_background_color":"","ocean_post_title_background":0,"ocean_post_title_bg_image_position":"","ocean_post_title_bg_image_attachment":"","ocean_post_title_bg_image_repeat":"","ocean_post_title_bg_image_size":"","ocean_post_title_height":0,"ocean_post_title_bg_overlay":0.5,"ocean_post_title_bg_overlay_color":"","ocean_disable_breadcrumbs":"default","ocean_breadcrumbs_color":"","ocean_breadcrumbs_separator_color":"","ocean_breadcrumbs_links_color":"","ocean_breadcrumbs_links_hover_color":"","ocean_display_footer_widgets":"default","ocean_display_footer_bottom":"default","ocean_custom_footer_template":"0"},"product_brand":[],"product_cat":[305],"product_tag":[],"class_list":{"0":"post-5710","1":"product","2":"type-product","3":"status-publish","4":"has-post-thumbnail","6":"product_cat-sports","8":"entry","9":"has-media","11":"first","12":"instock","13":"taxable","14":"shipping-taxable","15":"purchasable","16":"product-type-simple","17":"has-product-nav","18":"col","19":"span_1_of_3","20":"owp-content-center","21":"owp-thumbs-layout-horizontal","22":"owp-btn-normal","23":"owp-tabs-layout-horizontal"},"acf":[],"aioseo_notices":[],"_links":{"self":[{"href":"https:\/\/dev.genorama.com\/lv\/wp-json\/wp\/v2\/product\/5710","targetHints":{"allow":["GET"]}}],"collection":[{"href":"https:\/\/dev.genorama.com\/lv\/wp-json\/wp\/v2\/product"}],"about":[{"href":"https:\/\/dev.genorama.com\/lv\/wp-json\/wp\/v2\/types\/product"}],"wp:featuredmedia":[{"embeddable":true,"href":"https:\/\/dev.genorama.com\/lv\/wp-json\/wp\/v2\/media\/5145"}],"wp:attachment":[{"href":"https:\/\/dev.genorama.com\/lv\/wp-json\/wp\/v2\/media?parent=5710"}],"wp:term":[{"taxonomy":"product_brand","embeddable":true,"href":"https:\/\/dev.genorama.com\/lv\/wp-json\/wp\/v2\/product_brand?post=5710"},{"taxonomy":"product_cat","embeddable":true,"href":"https:\/\/dev.genorama.com\/lv\/wp-json\/wp\/v2\/product_cat?post=5710"},{"taxonomy":"product_tag","embeddable":true,"href":"https:\/\/dev.genorama.com\/lv\/wp-json\/wp\/v2\/product_tag?post=5710"}],"curies":[{"name":"wp","href":"https:\/\/api.w.org\/{rel}","templated":true}]}}