{"id":5724,"date":"2020-03-13T08:31:47","date_gmt":"2020-03-13T08:31:47","guid":{"rendered":"https:\/\/genorama.com\/product\/genetiskais-miega-tests\/"},"modified":"2025-02-17T18:11:18","modified_gmt":"2025-02-17T16:11:18","slug":"genetiskais-miega-tests","status":"publish","type":"product","link":"https:\/\/dev.genorama.com\/lv\/product\/genetiskais-miega-tests\/","title":{"rendered":"\u0122en\u0113tiskais miega tests"},"content":{"rendered":"<p style=\"text-align: center;\">Uzman\u012bbu un veiktsp\u0113ju da\u017e\u0101dos dienas laikos nosaka hronotips, kam, k\u0101 pier\u0101d\u012bts, ir b\u016btiska \u0123en\u0113tiska komponente.<\/p>\n<p style=\"text-align: center;\">Lai organisms optim\u0101li funkcion\u0113tu, \u0101r\u0113j\u0101s vides sign\u0101liem un organisma iek\u0161\u0113jiem sign\u0101liem j\u0101b\u016bt sinhroniz\u0113tiem. Tas prasa nep\u0101rtrauktu piel\u0101go\u0161anos, kas organismam prasa papildu p\u016bles un ener\u0123iju. Ekstr\u0113mos gad\u012bjumos biolo\u0123isk\u0101 un soci\u0101l\u0101 pulkste\u0146a konflikts var ietekm\u0113t dz\u012bves kvalit\u0101ti, jo parast\u0101 darba laik\u0101 ir zema veiktsp\u0113ja, un novest pie miega tr\u016bkuma. Tas savuk\u0101rt var izrais\u012bt p\u0101rm\u0113r\u012bgu p\u0101rtikas un alkohola pat\u0113ri\u0146u, k\u0101 ar\u012b psiholo\u0123iskas un svara probl\u0113mas.<\/p>\n<p style=\"text-align: center;\"><strong>\u0122en\u0113tisk\u0101 miega testa rezult\u0101ti liecina:<\/strong><\/p>\n<p style=\"text-align: center;\">Vai j\u016bs esat r\u012bta vai vakara tips (vai starpposma tips);<br \/>\nk\u0101 ilgsto\u0161a nomoda ietekm\u0113 j\u016bsu musku\u013cu aktivit\u0101ti un \u0101r\u0113j\u0101s vides apzin\u0101\u0161anos;<br \/>\ncik labi j\u016bsu organisms atjaunojas dzi\u013c\u0101 mieg\u0101;<br \/>\nVai jums ir risks saslimt ar DSPS*;<br \/>\nK\u0101 j\u016bsu hronotips ietekm\u0113 j\u016bsu \u0113\u0161anas paradumus;<br \/>\nK\u0101ds ir j\u016bsu sportisko sasniegumu maksimuma laiks;<br \/>\nK\u0101 j\u016bsu organisms rea\u0123\u0113 uz \u0101r\u0113jiem faktoriem, kas ietekm\u0113 gar\u012bg\u0101s sp\u0113jas.<\/p>\n<p style=\"text-align: center;\">*<em> Aizkav\u0113tas miega f\u0101zes sindroms<\/em><\/p>\n<p style=\"text-align: center;\"><strong>Apstr\u0101des laiks:<\/strong> 30 darba dienas<\/p>\n<p style=\"text-align: center;\"><strong>Pras\u012bbas paraugam:<\/strong> Buk\u0101lo \u0161\u016bnu paraugs<\/p>\n","protected":false},"excerpt":{"rendered":"<p>Sports Gene LLC izstr\u0101d\u0101tais miega \u0123en\u0113tiskais tests \u013cauj sal\u012bdzin\u0101t iedibin\u0101to dienas ritmu ar iek\u0161\u0113jo ritmu, kas izriet no \u0123en\u0113tisk\u0101s dispoz\u012bcijas (t. i., vai cilv\u0113ks ir vair\u0101k vakara vai r\u012bta tips), un t\u0101 ietekmi uz kognit\u012bvajiem un sportiskajiem rezult\u0101tiem, \u0113\u0161anas paradumiem un vielmai\u0146u.<\/p>\n","protected":false},"featured_media":5124,"template":"","meta":{"_acf_changed":false,"ocean_post_layout":"","ocean_both_sidebars_style":"","ocean_both_sidebars_content_width":0,"ocean_both_sidebars_sidebars_width":0,"ocean_sidebar":"0","ocean_second_sidebar":"0","ocean_disable_margins":"enable","ocean_add_body_class":"","ocean_shortcode_before_top_bar":"","ocean_shortcode_after_top_bar":"","ocean_shortcode_before_header":"","ocean_shortcode_after_header":"","ocean_has_shortcode":"","ocean_shortcode_after_title":"","ocean_shortcode_before_footer_widgets":"","ocean_shortcode_after_footer_widgets":"","ocean_shortcode_before_footer_bottom":"","ocean_shortcode_after_footer_bottom":"","ocean_display_top_bar":"default","ocean_display_header":"default","ocean_header_style":"","ocean_center_header_left_menu":"0","ocean_custom_header_template":"0","ocean_custom_logo":0,"ocean_custom_retina_logo":0,"ocean_custom_logo_max_width":0,"ocean_custom_logo_tablet_max_width":0,"ocean_custom_logo_mobile_max_width":0,"ocean_custom_logo_max_height":0,"ocean_custom_logo_tablet_max_height":0,"ocean_custom_logo_mobile_max_height":0,"ocean_header_custom_menu":"0","ocean_menu_typo_font_family":"0","ocean_menu_typo_font_subset":"","ocean_menu_typo_font_size":0,"ocean_menu_typo_font_size_tablet":0,"ocean_menu_typo_font_size_mobile":0,"ocean_menu_typo_font_size_unit":"px","ocean_menu_typo_font_weight":"","ocean_menu_typo_font_weight_tablet":"","ocean_menu_typo_font_weight_mobile":"","ocean_menu_typo_transform":"","ocean_menu_typo_transform_tablet":"","ocean_menu_typo_transform_mobile":"","ocean_menu_typo_line_height":0,"ocean_menu_typo_line_height_tablet":0,"ocean_menu_typo_line_height_mobile":0,"ocean_menu_typo_line_height_unit":"","ocean_menu_typo_spacing":0,"ocean_menu_typo_spacing_tablet":0,"ocean_menu_typo_spacing_mobile":0,"ocean_menu_typo_spacing_unit":"","ocean_menu_link_color":"","ocean_menu_link_color_hover":"","ocean_menu_link_color_active":"","ocean_menu_link_background":"","ocean_menu_link_hover_background":"","ocean_menu_link_active_background":"","ocean_menu_social_links_bg":"","ocean_menu_social_hover_links_bg":"","ocean_menu_social_links_color":"","ocean_menu_social_hover_links_color":"","ocean_disable_title":"default","ocean_disable_heading":"default","ocean_post_title":"","ocean_post_subheading":"","ocean_post_title_style":"","ocean_post_title_background_color":"","ocean_post_title_background":0,"ocean_post_title_bg_image_position":"","ocean_post_title_bg_image_attachment":"","ocean_post_title_bg_image_repeat":"","ocean_post_title_bg_image_size":"","ocean_post_title_height":0,"ocean_post_title_bg_overlay":0.5,"ocean_post_title_bg_overlay_color":"","ocean_disable_breadcrumbs":"default","ocean_breadcrumbs_color":"","ocean_breadcrumbs_separator_color":"","ocean_breadcrumbs_links_color":"","ocean_breadcrumbs_links_hover_color":"","ocean_display_footer_widgets":"default","ocean_display_footer_bottom":"default","ocean_custom_footer_template":"0"},"product_brand":[],"product_cat":[297],"product_tag":[],"class_list":{"0":"post-5724","1":"product","2":"type-product","3":"status-publish","4":"has-post-thumbnail","6":"product_cat-veseliba","8":"entry","9":"has-media","11":"first","12":"instock","13":"taxable","14":"shipping-taxable","15":"purchasable","16":"product-type-simple","17":"has-product-nav","18":"col","19":"span_1_of_3","20":"owp-content-center","21":"owp-thumbs-layout-horizontal","22":"owp-btn-normal","23":"owp-tabs-layout-horizontal"},"acf":[],"aioseo_notices":[],"_links":{"self":[{"href":"https:\/\/dev.genorama.com\/lv\/wp-json\/wp\/v2\/product\/5724","targetHints":{"allow":["GET"]}}],"collection":[{"href":"https:\/\/dev.genorama.com\/lv\/wp-json\/wp\/v2\/product"}],"about":[{"href":"https:\/\/dev.genorama.com\/lv\/wp-json\/wp\/v2\/types\/product"}],"wp:featuredmedia":[{"embeddable":true,"href":"https:\/\/dev.genorama.com\/lv\/wp-json\/wp\/v2\/media\/5124"}],"wp:attachment":[{"href":"https:\/\/dev.genorama.com\/lv\/wp-json\/wp\/v2\/media?parent=5724"}],"wp:term":[{"taxonomy":"product_brand","embeddable":true,"href":"https:\/\/dev.genorama.com\/lv\/wp-json\/wp\/v2\/product_brand?post=5724"},{"taxonomy":"product_cat","embeddable":true,"href":"https:\/\/dev.genorama.com\/lv\/wp-json\/wp\/v2\/product_cat?post=5724"},{"taxonomy":"product_tag","embeddable":true,"href":"https:\/\/dev.genorama.com\/lv\/wp-json\/wp\/v2\/product_tag?post=5724"}],"curies":[{"name":"wp","href":"https:\/\/api.w.org\/{rel}","templated":true}]}}