{"id":5709,"date":"2017-04-27T09:04:19","date_gmt":"2017-04-27T09:04:19","guid":{"rendered":"https:\/\/genorama.com\/product\/test-av-idrottslig-prestation\/"},"modified":"2025-02-17T18:16:23","modified_gmt":"2025-02-17T16:16:23","slug":"test-av-idrottslig-prestation","status":"publish","type":"product","link":"https:\/\/dev.genorama.com\/sv\/product\/test-av-idrottslig-prestation\/","title":{"rendered":"Test av idrottslig prestation"},"content":{"rendered":"<p style=\"text-align: center;\">Uppt\u00e4ck hur ditt DNA p\u00e5verkar din atletiska prestation. V\u00e5rt specialiserade genetiska test \u00e4r utformat f\u00f6r h\u00e4ngivna sportentusiaster som vill f\u00f6rst\u00e5 sina naturliga anlag f\u00f6r styrka, snabbhet och uth\u00e5llighet. Genom att analysera tv\u00e5 viktiga prestationsrelaterade gener, ACE och ACTN3, ger detta test ov\u00e4rderliga insikter om din kropps potential:<\/p>\n<p style=\"text-align: center;\"><strong>ACE:<\/strong> P\u00e5verkar kardiovaskul\u00e4r effektivitet och din kropps f\u00f6rm\u00e5ga att anpassa sig till fysiska utmaningar.<br \/>\n<strong>ACTN3:<\/strong> Reglerar muskelprestanda och effektuttag.<\/p>\n<p style=\"text-align: center;\"><strong>Vad kommer du att uppt\u00e4cka?<\/strong><br \/>\nGenetik spelar en viktig roll f\u00f6r idrottsprestationer, men framg\u00e5ng formas ocks\u00e5 av faktorer som kost, tr\u00e4ning och inst\u00e4llning. Att k\u00e4nna till dina genetiska styrkor kan hj\u00e4lpa dig att v\u00e4lja de sporter och tr\u00e4ningsmetoder som passar b\u00e4st f\u00f6r dina naturliga f\u00f6rm\u00e5gor, vilket ger dig en konkurrensf\u00f6rdel. Oavsett om du siktar p\u00e5 topprestationer eller utforskar en ny tr\u00e4ningsresa, ger det h\u00e4r testet dig kunskapen att maximera din potential.<\/p>\n<p style=\"text-align: center;\"><strong>Detaljer om testet:<\/strong><\/p>\n<p style=\"text-align: center;\">Genomstr\u00f6mningstid: Resultat p\u00e5 bara 10 arbetsdagar.<br \/>\nProvinsamling: Enkel och sm\u00e4rtfri provtagning i buccalcellen (kindpinne).<\/p>\n","protected":false},"excerpt":{"rendered":"<p>Testet p\u00e5visar tv\u00e5 gener, ACE och ACTN3, som \u00e4r kopplade till atletisk prestation. Genom att identifiera genvarianterna ACE och ACTN3 kan man avg\u00f6ra om en person \u00e4r framg\u00e5ngsrik inom sprint- och styrkeidrotter (sprintdistanser, kastsporter, bodybuilding etc), uth\u00e5llighetsidrotter (l\u00f6pning, skid\u00e5kning, rodd, triathlon etc) eller om personen \u00e4r en s.k. universalidrottare.<\/p>\n","protected":false},"featured_media":5148,"template":"","meta":{"_acf_changed":false,"ocean_post_layout":"","ocean_both_sidebars_style":"","ocean_both_sidebars_content_width":0,"ocean_both_sidebars_sidebars_width":0,"ocean_sidebar":"0","ocean_second_sidebar":"0","ocean_disable_margins":"enable","ocean_add_body_class":"","ocean_shortcode_before_top_bar":"","ocean_shortcode_after_top_bar":"","ocean_shortcode_before_header":"","ocean_shortcode_after_header":"","ocean_has_shortcode":"","ocean_shortcode_after_title":"","ocean_shortcode_before_footer_widgets":"","ocean_shortcode_after_footer_widgets":"","ocean_shortcode_before_footer_bottom":"","ocean_shortcode_after_footer_bottom":"","ocean_display_top_bar":"default","ocean_display_header":"default","ocean_header_style":"","ocean_center_header_left_menu":"0","ocean_custom_header_template":"0","ocean_custom_logo":0,"ocean_custom_retina_logo":0,"ocean_custom_logo_max_width":0,"ocean_custom_logo_tablet_max_width":0,"ocean_custom_logo_mobile_max_width":0,"ocean_custom_logo_max_height":0,"ocean_custom_logo_tablet_max_height":0,"ocean_custom_logo_mobile_max_height":0,"ocean_header_custom_menu":"0","ocean_menu_typo_font_family":"0","ocean_menu_typo_font_subset":"","ocean_menu_typo_font_size":0,"ocean_menu_typo_font_size_tablet":0,"ocean_menu_typo_font_size_mobile":0,"ocean_menu_typo_font_size_unit":"px","ocean_menu_typo_font_weight":"","ocean_menu_typo_font_weight_tablet":"","ocean_menu_typo_font_weight_mobile":"","ocean_menu_typo_transform":"","ocean_menu_typo_transform_tablet":"","ocean_menu_typo_transform_mobile":"","ocean_menu_typo_line_height":0,"ocean_menu_typo_line_height_tablet":0,"ocean_menu_typo_line_height_mobile":0,"ocean_menu_typo_line_height_unit":"","ocean_menu_typo_spacing":0,"ocean_menu_typo_spacing_tablet":0,"ocean_menu_typo_spacing_mobile":0,"ocean_menu_typo_spacing_unit":"","ocean_menu_link_color":"","ocean_menu_link_color_hover":"","ocean_menu_link_color_active":"","ocean_menu_link_background":"","ocean_menu_link_hover_background":"","ocean_menu_link_active_background":"","ocean_menu_social_links_bg":"","ocean_menu_social_hover_links_bg":"","ocean_menu_social_links_color":"","ocean_menu_social_hover_links_color":"","ocean_disable_title":"default","ocean_disable_heading":"default","ocean_post_title":"","ocean_post_subheading":"","ocean_post_title_style":"","ocean_post_title_background_color":"","ocean_post_title_background":0,"ocean_post_title_bg_image_position":"","ocean_post_title_bg_image_attachment":"","ocean_post_title_bg_image_repeat":"","ocean_post_title_bg_image_size":"","ocean_post_title_height":0,"ocean_post_title_bg_overlay":0.5,"ocean_post_title_bg_overlay_color":"","ocean_disable_breadcrumbs":"default","ocean_breadcrumbs_color":"","ocean_breadcrumbs_separator_color":"","ocean_breadcrumbs_links_color":"","ocean_breadcrumbs_links_hover_color":"","ocean_display_footer_widgets":"default","ocean_display_footer_bottom":"default","ocean_custom_footer_template":"0"},"product_brand":[],"product_cat":[304],"product_tag":[],"class_list":{"0":"post-5709","1":"product","2":"type-product","3":"status-publish","4":"has-post-thumbnail","6":"product_cat-idrott","8":"entry","9":"has-media","11":"first","12":"instock","13":"taxable","14":"shipping-taxable","15":"purchasable","16":"product-type-simple","17":"has-product-nav","18":"col","19":"span_1_of_3","20":"owp-content-center","21":"owp-thumbs-layout-horizontal","22":"owp-btn-normal","23":"owp-tabs-layout-horizontal"},"acf":[],"aioseo_notices":[],"_links":{"self":[{"href":"https:\/\/dev.genorama.com\/sv\/wp-json\/wp\/v2\/product\/5709","targetHints":{"allow":["GET"]}}],"collection":[{"href":"https:\/\/dev.genorama.com\/sv\/wp-json\/wp\/v2\/product"}],"about":[{"href":"https:\/\/dev.genorama.com\/sv\/wp-json\/wp\/v2\/types\/product"}],"wp:featuredmedia":[{"embeddable":true,"href":"https:\/\/dev.genorama.com\/sv\/wp-json\/wp\/v2\/media\/5148"}],"wp:attachment":[{"href":"https:\/\/dev.genorama.com\/sv\/wp-json\/wp\/v2\/media?parent=5709"}],"wp:term":[{"taxonomy":"product_brand","embeddable":true,"href":"https:\/\/dev.genorama.com\/sv\/wp-json\/wp\/v2\/product_brand?post=5709"},{"taxonomy":"product_cat","embeddable":true,"href":"https:\/\/dev.genorama.com\/sv\/wp-json\/wp\/v2\/product_cat?post=5709"},{"taxonomy":"product_tag","embeddable":true,"href":"https:\/\/dev.genorama.com\/sv\/wp-json\/wp\/v2\/product_tag?post=5709"}],"curies":[{"name":"wp","href":"https:\/\/api.w.org\/{rel}","templated":true}]}}