{"id":5714,"date":"2018-08-01T11:47:43","date_gmt":"2018-08-01T11:47:43","guid":{"rendered":"https:\/\/genorama.com\/product\/genewell\/"},"modified":"2025-02-17T18:15:58","modified_gmt":"2025-02-17T16:15:58","slug":"genewell","status":"publish","type":"product","link":"https:\/\/dev.genorama.com\/sv\/product\/genewell\/","title":{"rendered":"GeneWell<sup>\u00ae<\/sup>"},"content":{"rendered":"<p style=\"text-align: center;\"><strong>Uppt\u00e4ck din genetiska h\u00e4lsoprofil med GeneWell\u00ae-testet<\/strong><\/p>\n<p style=\"text-align: center;\">Dina gener avsl\u00f6jar viktiga insikter om dina unika h\u00e4lsorisker. GeneWell\u00ae-testet analyserar \u00f6ver 30 potentiella genetiska risker och ger dig verktygen f\u00f6r att ta kontroll \u00f6ver din h\u00e4lsa.<\/p>\n<p style=\"text-align: center;\"><strong>Vad kan GeneWell\u00ae-testet visa?<\/strong><\/p>\n<p style=\"text-align: center;\">Genetisk ben\u00e4genhet f\u00f6r <strong>vitaminbrister<br \/>\n<\/strong>Genetisk risk f\u00f6r <strong>fetma<br \/>\n<\/strong>\u00d6kad k\u00e4nslighet f\u00f6r <strong>hj\u00e4rt- och k\u00e4rlsjukdomar<br \/>\n<\/strong>Risk f\u00f6r att utveckla <strong>typ 2-diabetes<br \/>\n<\/strong>Genetisk risk f\u00f6r <strong>\u00f6gonsjukdomar<br \/>\n<\/strong>Ben\u00e4genhet f\u00f6r <strong>manligt h\u00e5ravfall<\/strong><br \/>\n&#8230;och mycket mer!<\/p>\n<p style=\"text-align: center;\"><strong>Vem \u00e4r testet f\u00f6r?<\/strong><br \/>\nGeneWell\u00ae-testet \u00e4r utformat f\u00f6r alla som vill f\u00f6rst\u00e5 sina personliga h\u00e4lsorisker. Denna kunskap g\u00f6r det m\u00f6jligt att fatta informerade beslut och f\u00f6rebygga sjukdomar genom att f\u00f6rb\u00e4ttra din livsstil och dina h\u00e4lsovanor.<\/p>\n<p style=\"text-align: center;\"><strong>Vad ing\u00e5r i testresultaten?<\/strong><\/p>\n<p style=\"text-align: center;\">En detaljerad rapport \u00f6ver identifierade genetiska varianter och personliga risksiffror.<br \/>\nOmfattande h\u00e4lsorekommendationer anpassade efter din genetiska profil.<\/p>\n<p style=\"text-align: center;\"><strong>Bearbetningstid:<\/strong> 15 arbetsdagar<\/p>\n<p style=\"text-align: center;\"><strong>Krav p\u00e5 prov:<\/strong> Buccalt cellprov<\/p>\n","protected":false},"excerpt":{"rendered":"<p>Testet ger information om den genetiska risken f\u00f6r att utveckla olika medicinska tillst\u00e5nd och sjukdomar, t.ex. hj\u00e4rt- och k\u00e4rlsjukdomar, typ 2-diabetes, onkologiska sjukdomar, \u00f6gonsjukdomar och vitaminbrist. Dessutom utv\u00e4rderar testet den genetiska predispositionen f\u00f6r fetma.<\/p>\n","protected":false},"featured_media":5141,"template":"","meta":{"_acf_changed":false,"ocean_post_layout":"","ocean_both_sidebars_style":"","ocean_both_sidebars_content_width":0,"ocean_both_sidebars_sidebars_width":0,"ocean_sidebar":"0","ocean_second_sidebar":"0","ocean_disable_margins":"enable","ocean_add_body_class":"","ocean_shortcode_before_top_bar":"","ocean_shortcode_after_top_bar":"","ocean_shortcode_before_header":"","ocean_shortcode_after_header":"","ocean_has_shortcode":"","ocean_shortcode_after_title":"","ocean_shortcode_before_footer_widgets":"","ocean_shortcode_after_footer_widgets":"","ocean_shortcode_before_footer_bottom":"","ocean_shortcode_after_footer_bottom":"","ocean_display_top_bar":"default","ocean_display_header":"default","ocean_header_style":"","ocean_center_header_left_menu":"0","ocean_custom_header_template":"0","ocean_custom_logo":0,"ocean_custom_retina_logo":0,"ocean_custom_logo_max_width":0,"ocean_custom_logo_tablet_max_width":0,"ocean_custom_logo_mobile_max_width":0,"ocean_custom_logo_max_height":0,"ocean_custom_logo_tablet_max_height":0,"ocean_custom_logo_mobile_max_height":0,"ocean_header_custom_menu":"0","ocean_menu_typo_font_family":"0","ocean_menu_typo_font_subset":"","ocean_menu_typo_font_size":0,"ocean_menu_typo_font_size_tablet":0,"ocean_menu_typo_font_size_mobile":0,"ocean_menu_typo_font_size_unit":"px","ocean_menu_typo_font_weight":"","ocean_menu_typo_font_weight_tablet":"","ocean_menu_typo_font_weight_mobile":"","ocean_menu_typo_transform":"","ocean_menu_typo_transform_tablet":"","ocean_menu_typo_transform_mobile":"","ocean_menu_typo_line_height":0,"ocean_menu_typo_line_height_tablet":0,"ocean_menu_typo_line_height_mobile":0,"ocean_menu_typo_line_height_unit":"","ocean_menu_typo_spacing":0,"ocean_menu_typo_spacing_tablet":0,"ocean_menu_typo_spacing_mobile":0,"ocean_menu_typo_spacing_unit":"","ocean_menu_link_color":"","ocean_menu_link_color_hover":"","ocean_menu_link_color_active":"","ocean_menu_link_background":"","ocean_menu_link_hover_background":"","ocean_menu_link_active_background":"","ocean_menu_social_links_bg":"","ocean_menu_social_hover_links_bg":"","ocean_menu_social_links_color":"","ocean_menu_social_hover_links_color":"","ocean_disable_title":"default","ocean_disable_heading":"default","ocean_post_title":"","ocean_post_subheading":"","ocean_post_title_style":"","ocean_post_title_background_color":"","ocean_post_title_background":0,"ocean_post_title_bg_image_position":"","ocean_post_title_bg_image_attachment":"","ocean_post_title_bg_image_repeat":"","ocean_post_title_bg_image_size":"","ocean_post_title_height":0,"ocean_post_title_bg_overlay":0.5,"ocean_post_title_bg_overlay_color":"","ocean_disable_breadcrumbs":"default","ocean_breadcrumbs_color":"","ocean_breadcrumbs_separator_color":"","ocean_breadcrumbs_links_color":"","ocean_breadcrumbs_links_hover_color":"","ocean_display_footer_widgets":"default","ocean_display_footer_bottom":"default","ocean_custom_footer_template":"0"},"product_brand":[],"product_cat":[296],"product_tag":[310,311,312],"class_list":{"0":"post-5714","1":"product","2":"type-product","3":"status-publish","4":"has-post-thumbnail","6":"product_cat-halsa","7":"product_tag-genetisk-risk","8":"product_tag-halsa","9":"product_tag-kostrekommendationer","11":"entry","12":"has-media","14":"first","15":"instock","16":"taxable","17":"shipping-taxable","18":"purchasable","19":"product-type-simple","20":"has-product-nav","21":"col","22":"span_1_of_3","23":"owp-content-center","24":"owp-thumbs-layout-horizontal","25":"owp-btn-normal","26":"owp-tabs-layout-horizontal"},"acf":[],"aioseo_notices":[],"_links":{"self":[{"href":"https:\/\/dev.genorama.com\/sv\/wp-json\/wp\/v2\/product\/5714","targetHints":{"allow":["GET"]}}],"collection":[{"href":"https:\/\/dev.genorama.com\/sv\/wp-json\/wp\/v2\/product"}],"about":[{"href":"https:\/\/dev.genorama.com\/sv\/wp-json\/wp\/v2\/types\/product"}],"wp:featuredmedia":[{"embeddable":true,"href":"https:\/\/dev.genorama.com\/sv\/wp-json\/wp\/v2\/media\/5141"}],"wp:attachment":[{"href":"https:\/\/dev.genorama.com\/sv\/wp-json\/wp\/v2\/media?parent=5714"}],"wp:term":[{"taxonomy":"product_brand","embeddable":true,"href":"https:\/\/dev.genorama.com\/sv\/wp-json\/wp\/v2\/product_brand?post=5714"},{"taxonomy":"product_cat","embeddable":true,"href":"https:\/\/dev.genorama.com\/sv\/wp-json\/wp\/v2\/product_cat?post=5714"},{"taxonomy":"product_tag","embeddable":true,"href":"https:\/\/dev.genorama.com\/sv\/wp-json\/wp\/v2\/product_tag?post=5714"}],"curies":[{"name":"wp","href":"https:\/\/api.w.org\/{rel}","templated":true}]}}