{"id":5723,"date":"2020-03-13T08:31:47","date_gmt":"2020-03-13T08:31:47","guid":{"rendered":"https:\/\/genorama.com\/product\/genetiskt-test-av-somn\/"},"modified":"2025-02-17T18:11:58","modified_gmt":"2025-02-17T16:11:58","slug":"genetiskt-test-av-somn","status":"publish","type":"product","link":"https:\/\/dev.genorama.com\/sv\/product\/genetiskt-test-av-somn\/","title":{"rendered":"Genetiskt test av s\u00f6mn"},"content":{"rendered":"<p style=\"text-align: center;\">Uppm\u00e4rksamhet och prestationsf\u00f6rm\u00e5ga vid olika tidpunkter p\u00e5 dygnet best\u00e4ms av kronotypen, som har visat sig ha en betydande genetisk komponent.<\/p>\n<p style=\"text-align: center;\">F\u00f6r att en kropp ska fungera optimalt m\u00e5ste signalerna fr\u00e5n den yttre milj\u00f6n och kroppens inre signaler vara synkroniserade. Detta kr\u00e4ver kontinuerlig anpassning, vilket kr\u00e4ver extra anstr\u00e4ngning och energi fr\u00e5n kroppen. I extrema fall kan konflikten mellan den biologiska och den sociala klockan p\u00e5verka livskvaliteten genom att man presterar s\u00e4mre under normal arbetstid och f\u00e5r s\u00f6mnbrist. Detta kan i sin tur orsaka \u00f6verdriven mat- och alkoholkonsumtion samt psykologiska problem och viktproblem.<\/p>\n<p style=\"text-align: center;\"><strong>Resultaten av det genetiska testet av s\u00f6mn indikerar:<\/strong><\/p>\n<p style=\"text-align: center;\">Om du \u00e4r mer ben\u00e4gen att vara en morgontyp eller en kv\u00e4llstyp (eller en mellantyp);<br \/>\nHur l\u00e5ngvarig vakenhet p\u00e5verkar din muskelaktivitet och medvetenhet om den yttre milj\u00f6n;<br \/>\nHur v\u00e4l din kropp \u00e5terh\u00e4mtar sig i djup s\u00f6mn;<br \/>\nHar du en risk att utveckla DSPS*;<br \/>\nHur p\u00e5verkar din kronotyp ditt \u00e4tbeteende?<br \/>\nVad \u00e4r din b\u00e4sta tid f\u00f6r atletisk prestation?<br \/>\nHur reagerar din kropp p\u00e5 yttre faktorer som p\u00e5verkar den mentala kapaciteten?<\/p>\n<p style=\"text-align: center;\"><em>*Syndrom med f\u00f6rdr\u00f6jd s\u00f6mnfas<\/em><\/p>\n<p style=\"text-align: center;\"><strong>Handl\u00e4ggningstid:<\/strong> 30 arbetsdagar<\/p>\n<p style=\"text-align: center;\"><strong>Krav p\u00e5 provtagning:<\/strong> Buccalt cellprov<\/p>\n","protected":false},"excerpt":{"rendered":"<p>Det genetiska s\u00f6mntestet, som utvecklats av Sports Gene LLC, g\u00f6r det m\u00f6jligt att j\u00e4mf\u00f6ra en etablerad dygnsrytm med en inre rytm som beror p\u00e5 genetiska anlag (dvs. om en person \u00e4r mer ben\u00e4gen att vara en kv\u00e4llstyp eller en morgontyp) och dess inverkan p\u00e5 kognitiva och idrottsliga prestationer, \u00e4tbeteende och \u00e4mnesoms\u00e4ttning.<\/p>\n","protected":false},"featured_media":5127,"template":"","meta":{"_acf_changed":false,"ocean_post_layout":"","ocean_both_sidebars_style":"","ocean_both_sidebars_content_width":0,"ocean_both_sidebars_sidebars_width":0,"ocean_sidebar":"0","ocean_second_sidebar":"0","ocean_disable_margins":"enable","ocean_add_body_class":"","ocean_shortcode_before_top_bar":"","ocean_shortcode_after_top_bar":"","ocean_shortcode_before_header":"","ocean_shortcode_after_header":"","ocean_has_shortcode":"","ocean_shortcode_after_title":"","ocean_shortcode_before_footer_widgets":"","ocean_shortcode_after_footer_widgets":"","ocean_shortcode_before_footer_bottom":"","ocean_shortcode_after_footer_bottom":"","ocean_display_top_bar":"default","ocean_display_header":"default","ocean_header_style":"","ocean_center_header_left_menu":"0","ocean_custom_header_template":"0","ocean_custom_logo":0,"ocean_custom_retina_logo":0,"ocean_custom_logo_max_width":0,"ocean_custom_logo_tablet_max_width":0,"ocean_custom_logo_mobile_max_width":0,"ocean_custom_logo_max_height":0,"ocean_custom_logo_tablet_max_height":0,"ocean_custom_logo_mobile_max_height":0,"ocean_header_custom_menu":"0","ocean_menu_typo_font_family":"0","ocean_menu_typo_font_subset":"","ocean_menu_typo_font_size":0,"ocean_menu_typo_font_size_tablet":0,"ocean_menu_typo_font_size_mobile":0,"ocean_menu_typo_font_size_unit":"px","ocean_menu_typo_font_weight":"","ocean_menu_typo_font_weight_tablet":"","ocean_menu_typo_font_weight_mobile":"","ocean_menu_typo_transform":"","ocean_menu_typo_transform_tablet":"","ocean_menu_typo_transform_mobile":"","ocean_menu_typo_line_height":0,"ocean_menu_typo_line_height_tablet":0,"ocean_menu_typo_line_height_mobile":0,"ocean_menu_typo_line_height_unit":"","ocean_menu_typo_spacing":0,"ocean_menu_typo_spacing_tablet":0,"ocean_menu_typo_spacing_mobile":0,"ocean_menu_typo_spacing_unit":"","ocean_menu_link_color":"","ocean_menu_link_color_hover":"","ocean_menu_link_color_active":"","ocean_menu_link_background":"","ocean_menu_link_hover_background":"","ocean_menu_link_active_background":"","ocean_menu_social_links_bg":"","ocean_menu_social_hover_links_bg":"","ocean_menu_social_links_color":"","ocean_menu_social_hover_links_color":"","ocean_disable_title":"default","ocean_disable_heading":"default","ocean_post_title":"","ocean_post_subheading":"","ocean_post_title_style":"","ocean_post_title_background_color":"","ocean_post_title_background":0,"ocean_post_title_bg_image_position":"","ocean_post_title_bg_image_attachment":"","ocean_post_title_bg_image_repeat":"","ocean_post_title_bg_image_size":"","ocean_post_title_height":0,"ocean_post_title_bg_overlay":0.5,"ocean_post_title_bg_overlay_color":"","ocean_disable_breadcrumbs":"default","ocean_breadcrumbs_color":"","ocean_breadcrumbs_separator_color":"","ocean_breadcrumbs_links_color":"","ocean_breadcrumbs_links_hover_color":"","ocean_display_footer_widgets":"default","ocean_display_footer_bottom":"default","ocean_custom_footer_template":"0"},"product_brand":[],"product_cat":[296],"product_tag":[],"class_list":{"0":"post-5723","1":"product","2":"type-product","3":"status-publish","4":"has-post-thumbnail","6":"product_cat-halsa","8":"entry","9":"has-media","11":"first","12":"instock","13":"taxable","14":"shipping-taxable","15":"purchasable","16":"product-type-simple","17":"has-product-nav","18":"col","19":"span_1_of_3","20":"owp-content-center","21":"owp-thumbs-layout-horizontal","22":"owp-btn-normal","23":"owp-tabs-layout-horizontal"},"acf":[],"aioseo_notices":[],"_links":{"self":[{"href":"https:\/\/dev.genorama.com\/sv\/wp-json\/wp\/v2\/product\/5723","targetHints":{"allow":["GET"]}}],"collection":[{"href":"https:\/\/dev.genorama.com\/sv\/wp-json\/wp\/v2\/product"}],"about":[{"href":"https:\/\/dev.genorama.com\/sv\/wp-json\/wp\/v2\/types\/product"}],"wp:featuredmedia":[{"embeddable":true,"href":"https:\/\/dev.genorama.com\/sv\/wp-json\/wp\/v2\/media\/5127"}],"wp:attachment":[{"href":"https:\/\/dev.genorama.com\/sv\/wp-json\/wp\/v2\/media?parent=5723"}],"wp:term":[{"taxonomy":"product_brand","embeddable":true,"href":"https:\/\/dev.genorama.com\/sv\/wp-json\/wp\/v2\/product_brand?post=5723"},{"taxonomy":"product_cat","embeddable":true,"href":"https:\/\/dev.genorama.com\/sv\/wp-json\/wp\/v2\/product_cat?post=5723"},{"taxonomy":"product_tag","embeddable":true,"href":"https:\/\/dev.genorama.com\/sv\/wp-json\/wp\/v2\/product_tag?post=5723"}],"curies":[{"name":"wp","href":"https:\/\/api.w.org\/{rel}","templated":true}]}}