{"id":5806,"date":"2019-02-27T11:21:33","date_gmt":"2019-02-27T11:21:33","guid":{"rendered":"https:\/\/genorama.com\/product\/gutwell-mikrobiomtest\/"},"modified":"2025-02-17T18:13:03","modified_gmt":"2025-02-17T16:13:03","slug":"gutwell-mikrobiomtest","status":"publish","type":"product","link":"https:\/\/dev.genorama.com\/sv\/product\/gutwell-mikrobiomtest\/","title":{"rendered":"GutWell<sup>\u00ae<\/sup> mikrobiomtest"},"content":{"rendered":"<h2 style=\"text-align: center;\">GutWell<sup>\u00ae<\/sup> \u00e4r ett mikrobiomtest som \u00e4r utformat f\u00f6r att ge personliga insikter om de bakterier som lever i din tarm och deras inverkan p\u00e5 ditt allm\u00e4nna v\u00e4lbefinnande.<\/h2>\n<p style=\"text-align: center;\"><strong>\u00c5r 2024 fick GutWell<sup>\u00ae<\/sup> en stor uppdatering som g\u00f6r det till det mest exakta och avancerade tarmfloratestet som finns. Med st\u00f6d av de nyaste och mest aktuella vetenskapliga uppt\u00e4ckterna \u00e4r det det enda testet p\u00e5 marknaden som ger insikter med denna detaljniv\u00e5 om bakterierna i tarmen och deras avg\u00f6rande roll f\u00f6r ditt allm\u00e4nna v\u00e4lbefinnande.<\/strong><\/p>\n<h3 style=\"text-align: center;\">Varf\u00f6r testa ditt tarmmikrobiom?<\/h3>\n<p style=\"text-align: center;\">Din tarm \u00e4r hem f\u00f6r biljoner mikroorganismer, lika m\u00e5nga som dina egna m\u00e4nskliga celler. Denna gemenskap, som kallas tarmmikrobiomet, spelar en avg\u00f6rande roll i:<\/p>\n<p style=\"text-align: center;\"><img decoding=\"async\" class=\"wp-image-5774 aligncenter\" src=\"https:\/\/genorama.com\/wp-content\/uploads\/2019\/02\/Genorama-testikirjelduste-ikoonid.png\" alt=\"\" width=\"48\" height=\"48\" srcset=\"https:\/\/dev.genorama.com\/wp-content\/uploads\/2019\/02\/Genorama-testikirjelduste-ikoonid.png 150w, https:\/\/dev.genorama.com\/wp-content\/uploads\/2019\/02\/Genorama-testikirjelduste-ikoonid-100x100.png 100w\" sizes=\"(max-width: 48px) 100vw, 48px\" \/><\/p>\n<p style=\"text-align: center;\"><strong>Uppr\u00e4tth\u00e5llande av allm\u00e4n h\u00e4lsa<\/strong><\/p>\n<p style=\"text-align: center;\"><strong><img decoding=\"async\" class=\"wp-image-5781 aligncenter\" src=\"https:\/\/genorama.com\/wp-content\/uploads\/2019\/02\/Genorama-testikirjelduste-ikoonid-1.png\" alt=\"\" width=\"43\" height=\"43\" srcset=\"https:\/\/dev.genorama.com\/wp-content\/uploads\/2019\/02\/Genorama-testikirjelduste-ikoonid-1.png 150w, https:\/\/dev.genorama.com\/wp-content\/uploads\/2019\/02\/Genorama-testikirjelduste-ikoonid-1-100x100.png 100w\" sizes=\"(max-width: 43px) 100vw, 43px\" \/><\/strong><\/p>\n<p style=\"text-align: center;\"><strong>Reglerar matsm\u00e4ltningen<\/strong><\/p>\n<p style=\"text-align: center;\"><strong><img decoding=\"async\" class=\"wp-image-5788 aligncenter\" src=\"https:\/\/genorama.com\/wp-content\/uploads\/2019\/02\/Genorama-testikirjelduste-ikoonid-2.png\" alt=\"\" width=\"42\" height=\"42\" srcset=\"https:\/\/dev.genorama.com\/wp-content\/uploads\/2019\/02\/Genorama-testikirjelduste-ikoonid-2.png 150w, https:\/\/dev.genorama.com\/wp-content\/uploads\/2019\/02\/Genorama-testikirjelduste-ikoonid-2-100x100.png 100w\" sizes=\"(max-width: 42px) 100vw, 42px\" \/><\/strong><\/p>\n<p style=\"text-align: center;\"><strong>St\u00f6djer immunf\u00f6rsvaret<\/strong><\/p>\n<p style=\"text-align: center;\"><strong><img loading=\"lazy\" decoding=\"async\" class=\"wp-image-5795 aligncenter\" src=\"https:\/\/genorama.com\/wp-content\/uploads\/2019\/02\/Genorama-testikirjelduste-ikoonid-3.png\" alt=\"\" width=\"59\" height=\"59\" srcset=\"https:\/\/dev.genorama.com\/wp-content\/uploads\/2019\/02\/Genorama-testikirjelduste-ikoonid-3.png 150w, https:\/\/dev.genorama.com\/wp-content\/uploads\/2019\/02\/Genorama-testikirjelduste-ikoonid-3-100x100.png 100w\" sizes=\"(max-width: 59px) 100vw, 59px\" \/><\/strong><\/p>\n<p style=\"text-align: center;\"><strong>Uppn\u00e5 en h\u00e4lsosam vikt<\/strong><\/p>\n<p style=\"text-align: center;\">En obalans i tarmbakterierna kan bidra till h\u00e4lsoproblem som fetma, matsm\u00e4ltningsst\u00f6rningar och typ II-diabetes. GutWell hj\u00e4lper dig att f\u00f6rst\u00e5 ditt mikrobiom och v\u00e4gleder dig i att skapa en kost som \u00e4r skr\u00e4ddarsydd efter dina behov f\u00f6r en friskare och mer balanserad tarm.<\/p>\n<hr \/>\n<h3 style=\"text-align: center;\">Vad du kommer att l\u00e4ra dig med GutWell<sup>\u00ae<\/sup><\/h3>\n<p style=\"text-align: center;\">Vilka bakterier lever i din tarm?<br \/>\nHur dina tarmbakterier p\u00e5verkar din kropp och h\u00e4lsa.<br \/>\nHar du tillr\u00e4ckligt med nyttiga bakterier?<br \/>\nFinns det skadliga bakterier?<br \/>\nFr\u00e4mjar ditt tarmmikrobiom vikt\u00f6kning eller fetma?<br \/>\n\u00c4r din kost anpassad till ditt mikrobiom, eller beh\u00f6ver du g\u00f6ra f\u00f6r\u00e4ndringar?<br \/>\nHur man uppn\u00e5r en balanserad mikrobiom f\u00f6r optimal h\u00e4lsa.<\/p>\n<hr \/>\n<h3 style=\"text-align: center;\">Rekommenderad testningsplan<\/h3>\n<p style=\"text-align: center;\">F\u00f6r b\u00e4sta resultat, best\u00e4ll minst tv\u00e5 tester:<\/p>\n<ol style=\"text-align: center;\">\n<li><strong>F\u00f6rsta testet<\/strong> &#8211; fastst\u00e4ller din mikrobiomprofil vid baslinjen.<\/li>\n<li><strong>Andra testet<\/strong> &#8211; bed\u00f6ma f\u00f6r\u00e4ndringar efter att ha f\u00f6ljt kost- och livsstilsjusteringar (2-4 m\u00e5nader senare, men inte mer \u00e4n 6 m\u00e5nader emellan).<\/li>\n<\/ol>\n<hr \/>\n<h3 style=\"text-align: center;\">Enkel testning i hemmet<\/h3>\n<p style=\"text-align: center;\"><img loading=\"lazy\" decoding=\"async\" class=\"wp-image-5357 aligncenter\" src=\"https:\/\/genorama.com\/wp-content\/uploads\/2017\/04\/Nimetu-kujundus-33.png\" alt=\"\" width=\"57\" height=\"57\" srcset=\"https:\/\/dev.genorama.com\/wp-content\/uploads\/2017\/04\/Nimetu-kujundus-33.png 150w, https:\/\/dev.genorama.com\/wp-content\/uploads\/2017\/04\/Nimetu-kujundus-33-100x100.png 100w\" sizes=\"(max-width: 57px) 100vw, 57px\" \/><\/p>\n<p style=\"text-align: center;\">Testningen \u00e4r enkel och bekv\u00e4m. Ta ett avf\u00f6ringsprov hemma i lugn och ro och skicka det till v\u00e5rt laboratorium f\u00f6r analys.<\/p>\n<p style=\"text-align: center;\"><strong>Bearbetningstid:<\/strong> 15-20 arbetsdagar.<\/p>\n<p style=\"text-align: center;\"><strong>Tillg\u00e4ngliga resultatspr\u00e5k:<\/strong> Engelska, estniska, ryska (ange \u00f6nskat spr\u00e5k i kassan).<\/p>\n<hr \/>\n<h3 style=\"text-align: center;\">Varf\u00f6r v\u00e4lja GutWell<sup>\u00ae<\/sup>?<\/h3>\n<p style=\"text-align: center;\">Personliga insikter om din tarmh\u00e4lsa.<br \/>\nExpertv\u00e4gledning f\u00f6r att f\u00f6rb\u00e4ttra din kost och livsstil.<br \/>\nEtt proaktivt tillv\u00e4gag\u00e5ngss\u00e4tt f\u00f6r att f\u00f6rebygga sjukdomar och h\u00e4lsoproblem.<\/p>\n<p>&nbsp;<\/p>\n","protected":false},"excerpt":{"rendered":"<p>GutWell<sup>\u00ae<\/sup> mikrobiomtest ger information om f\u00f6rekomsten av dina tarmbakterier och riktlinjer f\u00f6r hur du kan uppn\u00e5 eller bibeh\u00e5lla en balanserad mikrobiell gemenskap.<\/p>\n<p>GutWell<sup>\u00ae<\/sup>-testet \u00e4r till nytta f\u00f6r alla som vill g\u00e5 ner i vikt, f\u00f6ljer en strikt diet eller lider av matsm\u00e4ltningsproblem; liksom f\u00f6r dem som vill veta om de \u00e4ter en h\u00e4lsosam och varierad kost. Testet hj\u00e4lper dig att utforma en medveten kosth\u00e5llning och f\u00f6rebygga sjukdomar och h\u00e4lsoproblem.<\/p>\n","protected":false},"featured_media":5096,"template":"","meta":{"_acf_changed":false,"ocean_post_layout":"","ocean_both_sidebars_style":"","ocean_both_sidebars_content_width":0,"ocean_both_sidebars_sidebars_width":0,"ocean_sidebar":"0","ocean_second_sidebar":"0","ocean_disable_margins":"enable","ocean_add_body_class":"","ocean_shortcode_before_top_bar":"","ocean_shortcode_after_top_bar":"","ocean_shortcode_before_header":"","ocean_shortcode_after_header":"","ocean_has_shortcode":"","ocean_shortcode_after_title":"","ocean_shortcode_before_footer_widgets":"","ocean_shortcode_after_footer_widgets":"","ocean_shortcode_before_footer_bottom":"","ocean_shortcode_after_footer_bottom":"","ocean_display_top_bar":"default","ocean_display_header":"default","ocean_header_style":"","ocean_center_header_left_menu":"0","ocean_custom_header_template":"0","ocean_custom_logo":0,"ocean_custom_retina_logo":0,"ocean_custom_logo_max_width":0,"ocean_custom_logo_tablet_max_width":0,"ocean_custom_logo_mobile_max_width":0,"ocean_custom_logo_max_height":0,"ocean_custom_logo_tablet_max_height":0,"ocean_custom_logo_mobile_max_height":0,"ocean_header_custom_menu":"0","ocean_menu_typo_font_family":"0","ocean_menu_typo_font_subset":"","ocean_menu_typo_font_size":0,"ocean_menu_typo_font_size_tablet":0,"ocean_menu_typo_font_size_mobile":0,"ocean_menu_typo_font_size_unit":"px","ocean_menu_typo_font_weight":"","ocean_menu_typo_font_weight_tablet":"","ocean_menu_typo_font_weight_mobile":"","ocean_menu_typo_transform":"","ocean_menu_typo_transform_tablet":"","ocean_menu_typo_transform_mobile":"","ocean_menu_typo_line_height":0,"ocean_menu_typo_line_height_tablet":0,"ocean_menu_typo_line_height_mobile":0,"ocean_menu_typo_line_height_unit":"","ocean_menu_typo_spacing":0,"ocean_menu_typo_spacing_tablet":0,"ocean_menu_typo_spacing_mobile":0,"ocean_menu_typo_spacing_unit":"","ocean_menu_link_color":"","ocean_menu_link_color_hover":"","ocean_menu_link_color_active":"","ocean_menu_link_background":"","ocean_menu_link_hover_background":"","ocean_menu_link_active_background":"","ocean_menu_social_links_bg":"","ocean_menu_social_hover_links_bg":"","ocean_menu_social_links_color":"","ocean_menu_social_hover_links_color":"","ocean_disable_title":"default","ocean_disable_heading":"default","ocean_post_title":"","ocean_post_subheading":"","ocean_post_title_style":"","ocean_post_title_background_color":"","ocean_post_title_background":0,"ocean_post_title_bg_image_position":"","ocean_post_title_bg_image_attachment":"","ocean_post_title_bg_image_repeat":"","ocean_post_title_bg_image_size":"","ocean_post_title_height":0,"ocean_post_title_bg_overlay":0.5,"ocean_post_title_bg_overlay_color":"","ocean_disable_breadcrumbs":"default","ocean_breadcrumbs_color":"","ocean_breadcrumbs_separator_color":"","ocean_breadcrumbs_links_color":"","ocean_breadcrumbs_links_hover_color":"","ocean_display_footer_widgets":"default","ocean_display_footer_bottom":"default","ocean_custom_footer_template":"0"},"product_brand":[],"product_cat":[300],"product_tag":[328,330,329],"class_list":{"0":"post-5806","1":"product","2":"type-product","3":"status-publish","4":"has-post-thumbnail","6":"product_cat-naringslara","7":"product_tag-mikrobiom","8":"product_tag-mikrobiota","9":"product_tag-tarmmikrobiom","11":"entry","12":"has-media","14":"first","15":"instock","16":"sale","17":"sold-individually","18":"taxable","19":"shipping-taxable","20":"purchasable","21":"product-type-variable","22":"has-default-attributes","23":"has-product-nav","24":"col","25":"span_1_of_3","26":"owp-content-center","27":"owp-thumbs-layout-horizontal","28":"owp-btn-normal","29":"owp-tabs-layout-horizontal"},"acf":[],"aioseo_notices":[],"_links":{"self":[{"href":"https:\/\/dev.genorama.com\/sv\/wp-json\/wp\/v2\/product\/5806","targetHints":{"allow":["GET"]}}],"collection":[{"href":"https:\/\/dev.genorama.com\/sv\/wp-json\/wp\/v2\/product"}],"about":[{"href":"https:\/\/dev.genorama.com\/sv\/wp-json\/wp\/v2\/types\/product"}],"wp:featuredmedia":[{"embeddable":true,"href":"https:\/\/dev.genorama.com\/sv\/wp-json\/wp\/v2\/media\/5096"}],"wp:attachment":[{"href":"https:\/\/dev.genorama.com\/sv\/wp-json\/wp\/v2\/media?parent=5806"}],"wp:term":[{"taxonomy":"product_brand","embeddable":true,"href":"https:\/\/dev.genorama.com\/sv\/wp-json\/wp\/v2\/product_brand?post=5806"},{"taxonomy":"product_cat","embeddable":true,"href":"https:\/\/dev.genorama.com\/sv\/wp-json\/wp\/v2\/product_cat?post=5806"},{"taxonomy":"product_tag","embeddable":true,"href":"https:\/\/dev.genorama.com\/sv\/wp-json\/wp\/v2\/product_tag?post=5806"}],"curies":[{"name":"wp","href":"https:\/\/api.w.org\/{rel}","templated":true}]}}