{"id":6013,"date":"2025-02-04T15:50:54","date_gmt":"2025-02-04T13:50:54","guid":{"rendered":"https:\/\/genorama.com\/product\/genetiskt-test-for-viktkontroll\/"},"modified":"2025-02-17T18:06:49","modified_gmt":"2025-02-17T16:06:49","slug":"genetiskt-test-for-viktkontroll","status":"publish","type":"product","link":"https:\/\/dev.genorama.com\/sv\/product\/genetiskt-test-for-viktkontroll\/","title":{"rendered":"Genetiskt test f\u00f6r viktkontroll"},"content":{"rendered":"<p>Det genetiska testet f\u00f6r viktkontroll fastst\u00e4ller \u00e5tta SNP i sju gener.<\/p>\n<p>Genetiska egenskaper avg\u00f6r individens risk att g\u00e5 upp i \u00f6vervikt vid exponering f\u00f6r ogynnsam milj\u00f6 (t.ex. \u00f6ver\u00e4tning, otillr\u00e4cklig motion) och kroppens reaktion p\u00e5 viktminskningsdiet och fysisk anstr\u00e4ngning. Informationen fr\u00e5n resultaten av det genetiska testet \u00e4r till nytta f\u00f6r b\u00e5de dem som vill g\u00e5 ner i vikt och dem som \u00e4nnu inte har st\u00f6tt p\u00e5 n\u00e5gra problem med vikt eller h\u00e4lsa. Att vara medveten om sina risker och anlag g\u00f6r det l\u00e4ttare att fatta r\u00e4tt beslut i livet.<\/p>\n<p>En enda gen kan inneh\u00e5lla b\u00e5de neutrala alleler och riskalleler. Flera gener med riskalleler \u00f6kar sannolikheten f\u00f6r att en viss risk ska visa sig, s\u00e4rskilt i kombination med stillasittande livsstil och positiv energibalans (f\u00f6dointaget \u00f6verstiger energif\u00f6rbrukningen).<\/p>\n<p>Baserat p\u00e5 resultaten av ett genetiskt test f\u00f6r viktkontroll kan du ta reda p\u00e5:<\/p>\n<ul>\n<li>F\u00f6rekomsten av din genetiska risk f\u00f6r fetma;<\/li>\n<li>omfattningen av risken f\u00f6r att bli \u00f6verviktig;<\/li>\n<li>sannolikheten f\u00f6r att utveckla typ 2-diabetes om du \u00e4r \u00f6verviktig;<\/li>\n<li>F\u00f6rekomst av tidig eller sen m\u00e4ttnadsk\u00e4nsla;<\/li>\n<li>metabolismen av fett och kolhydrater i kosten;<\/li>\n<li>Fettupptagningsf\u00f6rm\u00e5gan (snabb eller l\u00e5ngsam);<\/li>\n<li>Sannolikheten f\u00f6r att bli \u00f6verviktig p\u00e5 grund av \u00f6kad konsumtion av kolhydrater;<\/li>\n<li>fettf\u00f6rbr\u00e4nningens effektivitet vid tr\u00e4ning;<\/li>\n<li>effekten av fysisk aktivitet p\u00e5 din kroppsvikt.<\/li>\n<\/ul>\n<p>Det \u00e4r mycket enkelt att g\u00f6ra ett genetiskt test f\u00f6r viktkontroll! B\u00f6rja med att ta ett DNA-prov. Gnugga insidan av kinden med en steril bomullspinne, l\u00e5t torka och skicka sedan provet till oss. Resultaten kommer att vara tillg\u00e4ngliga inom 30 dagar.<\/p>\n<p>Ta en titt p\u00e5 v\u00e5r video med instruktioner f\u00f6r provtagning.<\/p>\n","protected":false},"excerpt":{"rendered":"<p>De gener som analyseras i det genetiska testet f\u00f6r viktkontroll visar om du har en medf\u00f6dd ben\u00e4genhet f\u00f6r fetma, hur din kropp metaboliserar fett och kolhydrater, och hur niv\u00e5n av fysisk aktivitet p\u00e5verkar din vikt.<\/p>\n","protected":false},"featured_media":5134,"template":"","meta":{"_acf_changed":false,"ocean_post_layout":"","ocean_both_sidebars_style":"","ocean_both_sidebars_content_width":0,"ocean_both_sidebars_sidebars_width":0,"ocean_sidebar":"0","ocean_second_sidebar":"0","ocean_disable_margins":"enable","ocean_add_body_class":"","ocean_shortcode_before_top_bar":"","ocean_shortcode_after_top_bar":"","ocean_shortcode_before_header":"","ocean_shortcode_after_header":"","ocean_has_shortcode":"","ocean_shortcode_after_title":"","ocean_shortcode_before_footer_widgets":"","ocean_shortcode_after_footer_widgets":"","ocean_shortcode_before_footer_bottom":"","ocean_shortcode_after_footer_bottom":"","ocean_display_top_bar":"default","ocean_display_header":"default","ocean_header_style":"","ocean_center_header_left_menu":"0","ocean_custom_header_template":"0","ocean_custom_logo":0,"ocean_custom_retina_logo":0,"ocean_custom_logo_max_width":0,"ocean_custom_logo_tablet_max_width":0,"ocean_custom_logo_mobile_max_width":0,"ocean_custom_logo_max_height":0,"ocean_custom_logo_tablet_max_height":0,"ocean_custom_logo_mobile_max_height":0,"ocean_header_custom_menu":"0","ocean_menu_typo_font_family":"0","ocean_menu_typo_font_subset":"","ocean_menu_typo_font_size":0,"ocean_menu_typo_font_size_tablet":0,"ocean_menu_typo_font_size_mobile":0,"ocean_menu_typo_font_size_unit":"px","ocean_menu_typo_font_weight":"","ocean_menu_typo_font_weight_tablet":"","ocean_menu_typo_font_weight_mobile":"","ocean_menu_typo_transform":"","ocean_menu_typo_transform_tablet":"","ocean_menu_typo_transform_mobile":"","ocean_menu_typo_line_height":0,"ocean_menu_typo_line_height_tablet":0,"ocean_menu_typo_line_height_mobile":0,"ocean_menu_typo_line_height_unit":"","ocean_menu_typo_spacing":0,"ocean_menu_typo_spacing_tablet":0,"ocean_menu_typo_spacing_mobile":0,"ocean_menu_typo_spacing_unit":"","ocean_menu_link_color":"","ocean_menu_link_color_hover":"","ocean_menu_link_color_active":"","ocean_menu_link_background":"","ocean_menu_link_hover_background":"","ocean_menu_link_active_background":"","ocean_menu_social_links_bg":"","ocean_menu_social_hover_links_bg":"","ocean_menu_social_links_color":"","ocean_menu_social_hover_links_color":"","ocean_disable_title":"default","ocean_disable_heading":"default","ocean_post_title":"","ocean_post_subheading":"","ocean_post_title_style":"","ocean_post_title_background_color":"","ocean_post_title_background":0,"ocean_post_title_bg_image_position":"","ocean_post_title_bg_image_attachment":"","ocean_post_title_bg_image_repeat":"","ocean_post_title_bg_image_size":"","ocean_post_title_height":0,"ocean_post_title_bg_overlay":0.5,"ocean_post_title_bg_overlay_color":"","ocean_disable_breadcrumbs":"default","ocean_breadcrumbs_color":"","ocean_breadcrumbs_separator_color":"","ocean_breadcrumbs_links_color":"","ocean_breadcrumbs_links_hover_color":"","ocean_display_footer_widgets":"default","ocean_display_footer_bottom":"default","ocean_custom_footer_template":"0"},"product_brand":[],"product_cat":[300],"product_tag":[],"class_list":{"0":"post-6013","1":"product","2":"type-product","3":"status-publish","4":"has-post-thumbnail","6":"product_cat-naringslara","8":"entry","9":"has-media","11":"first","12":"instock","13":"taxable","14":"shipping-taxable","15":"purchasable","16":"product-type-simple","17":"has-product-nav","18":"col","19":"span_1_of_3","20":"owp-content-center","21":"owp-thumbs-layout-horizontal","22":"owp-btn-normal","23":"owp-tabs-layout-horizontal"},"acf":[],"aioseo_notices":[],"_links":{"self":[{"href":"https:\/\/dev.genorama.com\/sv\/wp-json\/wp\/v2\/product\/6013","targetHints":{"allow":["GET"]}}],"collection":[{"href":"https:\/\/dev.genorama.com\/sv\/wp-json\/wp\/v2\/product"}],"about":[{"href":"https:\/\/dev.genorama.com\/sv\/wp-json\/wp\/v2\/types\/product"}],"wp:featuredmedia":[{"embeddable":true,"href":"https:\/\/dev.genorama.com\/sv\/wp-json\/wp\/v2\/media\/5134"}],"wp:attachment":[{"href":"https:\/\/dev.genorama.com\/sv\/wp-json\/wp\/v2\/media?parent=6013"}],"wp:term":[{"taxonomy":"product_brand","embeddable":true,"href":"https:\/\/dev.genorama.com\/sv\/wp-json\/wp\/v2\/product_brand?post=6013"},{"taxonomy":"product_cat","embeddable":true,"href":"https:\/\/dev.genorama.com\/sv\/wp-json\/wp\/v2\/product_cat?post=6013"},{"taxonomy":"product_tag","embeddable":true,"href":"https:\/\/dev.genorama.com\/sv\/wp-json\/wp\/v2\/product_tag?post=6013"}],"curies":[{"name":"wp","href":"https:\/\/api.w.org\/{rel}","templated":true}]}}